{"id":1018,"date":"2020-01-20T06:55:51","date_gmt":"2020-01-20T06:55:51","guid":{"rendered":"https:\/\/yapadu.es\/?page_id=1018"},"modified":"2025-09-23T10:56:00","modified_gmt":"2025-09-23T10:56:00","slug":"jack-el-destripador","status":"publish","type":"page","link":"https:\/\/yapadu.es\/ca\/jack-el-destripador\/","title":{"rendered":"BANNER 2: Jack el Destripador"},"content":{"rendered":"<section class=\"section dark\" id=\"section_1365139641\">\n\t\t<div class=\"bg section-bg fill bg-fill  bg-loaded\" >\n\n\t\t\t\n\t\t\t<div class=\"section-bg-overlay absolute fill\"><\/div>\n\t\t\t\n\t<div class=\"is-border\"\n\t\tstyle=\"border-color:rgb(235, 235, 235);border-width:0px 0px 0px 0px;margin:0 0px px 0px;\">\n\t<\/div>\n\n\t\t<\/div><!-- .section-bg -->\n\n\t\t<div class=\"section-content relative\">\n\t\t\t\n\n<div class=\"is-divider divider clearfix\" ><\/div><!-- .divider -->\n\n<a class=\"button primary\"  >\n  <i class=\"icon-angle-left\" ><\/i>  <span>volver a inicio<\/span>\n  <\/a>\n\n\n<div class=\"row\"  id=\"row-1568857459\">\n\n<div class=\"col medium-5 small-12 large-5\"  ><div class=\"col-inner text-shadow-2\" style=\"padding:0px 0px 0px 0px;margin:0px 0px 0px 31px;\" >\n\n<h2 class=\"uppercase\"><span style=\"font-size: 200%; color: #ffffff;\" data-line-height=\"xl\"><strong>\u00abafectuosamente suyo, jack el destripador\u00bb<\/strong><\/span><\/h2>\n\t<div class=\"img has-hover x md-x lg-x y md-y lg-y\" id=\"image_102581783\">\n\t\t\t\t\t\t\t\t<div class=\"img-inner dark\" >\n\t\t\t<img loading=\"lazy\" decoding=\"async\" width=\"1020\" height=\"681\" src=\"https:\/\/yapadu.es\/wp-content\/uploads\/2025\/09\/30_JACK-1-1024x684.jpg\" class=\"attachment-large size-large\" alt=\"\" srcset=\"https:\/\/yapadu.es\/wp-content\/uploads\/2025\/09\/30_JACK-1-1024x684.jpg 1024w, https:\/\/yapadu.es\/wp-content\/uploads\/2025\/09\/30_JACK-1-300x200.jpg 300w, https:\/\/yapadu.es\/wp-content\/uploads\/2025\/09\/30_JACK-1-768x513.jpg 768w, https:\/\/yapadu.es\/wp-content\/uploads\/2025\/09\/30_JACK-1-1536x1026.jpg 1536w, https:\/\/yapadu.es\/wp-content\/uploads\/2025\/09\/30_JACK-1-2048x1368.jpg 2048w\" sizes=\"auto, (max-width: 1020px) 100vw, 1020px\" \/>\t\t\t\t\t\t\n\t\t\t\t\t<\/div>\n\t\t\t\t\t\t\t\t\n<style scope=\"scope\">\n\n#image_102581783 {\n  width: 100%;\n}\n<\/style>\n\t<\/div>\n\t\n\n\n<\/div><\/div>\n<div class=\"col medium-5 small-12 large-5\"  ><div class=\"col-inner text-shadow-2\" style=\"margin:0px 0px 0px 47px;\" >\n\n<p><span style=\"font-size: 120%;\"><span style=\"color: #c0c0c0;\">Londres, Tardor de 1888.<br \/>\nUn jove metge aficionat al teatre pret\u00e9n conv\u00e9ncer al seu pacient, el gran actor Henry Irving, que les maneres d'actuar han canviat definitivament amb l'arribada del Naturalisme.<\/p>\n<p><span style=\"font-size: 120%;\"><span style=\"color: #c0c0c0;\">Per a demostrar-ho posar\u00e0 en marxa un experiment: crear un personatge tan aut\u00e8ntic que ser\u00e0 indistingible de la realitat.<br \/>\nPer\u00f2 en paral\u00b7lel amb esta temptativa comencen a apar\u00e9ixer dones salvatgement assassinades en el barri de Whitechapel. <br \/>\u00c9s l'anomenat Jack l'Esbudellador un aut\u00e8ntic assass\u00ed, o tan sols una construcci\u00f3 teatral que se li ha escapat de les mans al seu creador? I si els<br \/>\ncrims constitu\u00efxen un espectacle, a qui est\u00e0 destinat i per qu\u00e8? I qui \u00e9s el verdader Autor?<\/p>\n\n<\/div><\/div>\n\n\n<style scope=\"scope\">\n\n#row-1568857459 > .col > .col-inner {\n  padding: 0px 0px 18px 0px;\n}\n<\/style>\n<\/div>\n\n\t\t<\/div><!-- .section-content -->\n\n\t\t\n<style scope=\"scope\">\n\n#section_1365139641 {\n  padding-top: 49px;\n  padding-bottom: 49px;\n  min-height: 300px;\n  background-color: rgb(0, 0, 0);\n}\n#section_1365139641 .section-bg-overlay {\n  background-color: rgba(0, 0, 0, 0.4);\n}\n<\/style>\n\t<\/section>\n\t\n\n  <div class=\"banner has-hover\" id=\"banner-1237874213\">\n          <div class=\"banner-inner fill\">\n        <div class=\"banner-bg fill\" >\n            <div class=\"bg fill bg-fill\"><\/div>\n                                    \n                    <\/div><!-- bg-layers -->\n        <div class=\"banner-layers container\">\n            <div class=\"fill banner-link\"><\/div>            \n\n   <div id=\"text-box-1633907730\" class=\"text-box banner-layer x50 md-x50 lg-x50 y50 md-y50 lg-y50 res-text\">\n                                <div class=\"text dark\">\n              \n              <div class=\"text-inner text-center\">\n                  \n\n\n              <\/div>\n           <\/div><!-- text-box-inner -->\n                            \n<style scope=\"scope\">\n\n#text-box-1633907730 {\n  width: 60%;\n}\n#text-box-1633907730 .text {\n  font-size: 100%;\n}\n<\/style>\n    <\/div><!-- text-box -->\n \n\n        <\/div><!-- .banner-layers -->\n      <\/div><!-- .banner-inner -->\n\n            \n<style scope=\"scope\">\n\n#banner-1237874213 {\n  padding-top: 500px;\n}\n#banner-1237874213 .bg.bg-loaded {\n  background-image: url(https:\/\/yapadu.es\/wp-content\/uploads\/2025\/09\/71_JACK-1024x684.jpg);\n}\n#banner-1237874213 .bg {\n  background-position: 32% 40%;\n}\n<\/style>\n  <\/div><!-- .banner -->\n\n\n\t<section class=\"section dark\" id=\"section_2090843292\">\n\t\t<div class=\"bg section-bg fill bg-fill  bg-loaded\" >\n\n\t\t\t\n\t\t\t\n\t\t\t\n\t<div class=\"is-border\"\n\t\tstyle=\"border-color:rgb(235, 235, 235);border-width:0px 0px 0px 0px;\">\n\t<\/div>\n\n\t\t<\/div><!-- .section-bg -->\n\n\t\t<div class=\"section-content relative\">\n\t\t\t\n\n<div class=\"row\"  id=\"row-246427629\">\n\n<div class=\"col medium-4 small-12 large-4\"  ><div class=\"col-inner text-shadow-2\"  >\n\n<h1 class=\"uppercase\" data-padding=\"5px\"><span style=\"font-size: 160%;\"><strong>FITXA ART\u00cdSTICA<\/strong><\/span><\/h1>\n<div class=\"is-divider divider clearfix\" style=\"max-width:294px;background-color:rgb(224, 0, 36);\"><\/div><!-- .divider -->\n\n<p class=\"data-line-height=\" data-line-height=\"xl\">AUTOR: Ignacio Garc\u00eda May <\/p>\n<p class=\"data-line-height=\" data-line-height=\"xl\">DIRECCI\u00d3: Javier Sahuquillo <\/p>\n<p class=\"data-line-height=\" data-line-height=\"xl\">ELENCO: Toni Mis\u00f3, Ra\u00fal Ferrando, Lula Heredia, David Kelly <\/p>\n<p class=\"data-line-height=\" data-line-height=\"xl\">ESPACIO ESC\u00c9NICO: Luis Crespo <\/p>\n<p class=\"data-line-height=\" data-line-height=\"xl\">VESTUARIO: Mar\u00eda Poquet <\/p>\n<p class=\"data-line-height=\" data-line-height=\"xl\">ILUMINACI\u00d3N: Pablo Fern\u00e1ndez <\/p>\n<p class=\"data-line-height=\" data-line-height=\"xl\">DISE\u00d1O DE ESPACIO SONORO: Edu Soriano <\/p>\n<p class=\"data-line-height=\" data-line-height=\"xl\">COMPOSICI\u00d3N MUSICAL Y M\u00daSICA EN DIRECTO: David Kelly<\/p>\n<p>COREOGRAF\u00cdA: Cristina Barbero<\/p>\n<p>AYUDANTE DE DIRECCI\u00d3N: Anna N\u00e0cher<\/p>\n\n<\/div><\/div>\n<div class=\"col medium-4 small-12 large-4\"  ><div class=\"col-inner text-shadow-2\" style=\"margin:100px 0px 0px 42px;\" >\n\n<p>GESTI\u00d3N ECON\u00d3MICA: Amparo Tortajada<\/p>\n<p>PRODUCCI\u00d3N EJECUTIVA: Cristina Barbero<\/p>\n<p>DISTRIBUCI\u00d3N: Contraproducions<\/p>\n<p>MANIPULACI\u00d3N DE T\u00cdTERES: David Dur\u00e1n<\/p>\n<p>FOTOGRAF\u00cdA Y V\u00cdDEO: Fede Caraduje (Puerta 3)<\/p>\n<p>CARTEL E IMAGEN GR\u00c1FICA: Patossa<\/p>\n<p>COMUNICACI\u00d3N Y RRSS: Luisa Alejandra Ramos Gil<\/p>\n<p>ADMINISTRACI\u00d3N: Patricia Hern\u00e1ndez<\/p>\n<p>LA PRODUCTORA: Yapad\u00fa Produccions<\/p>\n\n<\/div><\/div>\n\n\n<style scope=\"scope\">\n\n#row-246427629 > .col > .col-inner {\n  padding: 0px 0px 0px 0px;\n}\n<\/style>\n<\/div>\n\n\t\t<\/div><!-- .section-content -->\n\n\t\t\n<style scope=\"scope\">\n\n#section_2090843292 {\n  padding-top: 44px;\n  padding-bottom: 44px;\n  min-height: 300px;\n  background-color: rgb(23, 23, 23);\n}\n<\/style>\n\t<\/section>","protected":false},"excerpt":{"rendered":"","protected":false},"author":1,"featured_media":0,"parent":0,"menu_order":0,"comment_status":"closed","ping_status":"closed","template":"page-transparent-header-light.php","meta":{"footnotes":""},"class_list":["post-1018","page","type-page","status-publish","hentry"],"_links":{"self":[{"href":"https:\/\/yapadu.es\/ca\/wp-json\/wp\/v2\/pages\/1018","targetHints":{"allow":["GET"]}}],"collection":[{"href":"https:\/\/yapadu.es\/ca\/wp-json\/wp\/v2\/pages"}],"about":[{"href":"https:\/\/yapadu.es\/ca\/wp-json\/wp\/v2\/types\/page"}],"author":[{"embeddable":true,"href":"https:\/\/yapadu.es\/ca\/wp-json\/wp\/v2\/users\/1"}],"replies":[{"embeddable":true,"href":"https:\/\/yapadu.es\/ca\/wp-json\/wp\/v2\/comments?post=1018"}],"version-history":[{"count":29,"href":"https:\/\/yapadu.es\/ca\/wp-json\/wp\/v2\/pages\/1018\/revisions"}],"predecessor-version":[{"id":1616,"href":"https:\/\/yapadu.es\/ca\/wp-json\/wp\/v2\/pages\/1018\/revisions\/1616"}],"wp:attachment":[{"href":"https:\/\/yapadu.es\/ca\/wp-json\/wp\/v2\/media?parent=1018"}],"curies":[{"name":"wp","href":"https:\/\/api.w.org\/{rel}","templated":true}]}}