{"id":1225,"date":"2025-09-02T10:09:39","date_gmt":"2025-09-02T10:09:39","guid":{"rendered":"https:\/\/yapadu.es\/?page_id=1225"},"modified":"2026-02-04T12:13:48","modified_gmt":"2026-02-04T12:13:48","slug":"teatro","status":"publish","type":"page","link":"https:\/\/yapadu.es\/ca\/teatro\/","title":{"rendered":"TEATRE"},"content":{"rendered":"<a href=\"https:\/\/yapadu.es\/ca\/\" target=\"_self\" class=\"button primary\"  >\n  <i class=\"icon-angle-left\" ><\/i>  <span>volver a inicio<\/span>\n  <\/a>\n\n\n<div class=\"slider-wrapper relative\" id=\"slider-826833623\" >\n    <div class=\"slider slider-nav-circle slider-nav-large slider-nav-light slider-style-normal\"\n        data-flickity-options='{            \"cellAlign\": \"center\",            \"imagesLoaded\": true,            \"lazyLoad\": 1,            \"freeScroll\": false,            \"wrapAround\": true,            \"autoPlay\": 6000,            \"pauseAutoPlayOnHover\" : true,            \"prevNextButtons\": true,            \"contain\" : true,            \"adaptiveHeight\" : true,            \"dragThreshold\" : 10,            \"percentPosition\": true,            \"pageDots\": true,            \"rightToLeft\": false,            \"draggable\": true,            \"selectedAttraction\": 0.1,            \"parallax\" : 0,            \"friction\": 0.6        }'\n        >\n        \n\n\n  <div class=\"banner has-hover\" id=\"banner-1750887194\">\n          <div class=\"banner-inner fill\">\n        <div class=\"banner-bg fill\" >\n            <div class=\"bg fill bg-fill\"><\/div>\n                                    \n                    <\/div><!-- bg-layers -->\n        <div class=\"banner-layers container\">\n            <div class=\"fill banner-link\"><\/div>            \n\n   <div id=\"text-box-379362392\" class=\"text-box banner-layer x50 md-x50 lg-x50 y50 md-y50 lg-y50 res-text\">\n                                <div class=\"text dark\">\n              \n              <div class=\"text-inner text-center\">\n                  \n\n<div class=\"row align-bottom\"  id=\"row-1684502671\">\n\n<div class=\"col medium-1 small-12 large-1\"  ><div class=\"col-inner\"  >\n\n<p class=\"uppercase\">\u00a0<\/p>\n<h1 class=\"uppercase\"><strong><span style=\"font-size: 130%; color: #f7f7f7;\">TEATRE<\/span><\/strong><\/h1>\n<p>\u00a0<\/p>\n\n<\/div><\/div>\n<div class=\"col medium-5 small-12 large-5\"  ><div class=\"col-inner\"  >\n\n\t<div class=\"img has-hover x md-x lg-x y md-y lg-y\" id=\"image_1667071638\">\n\t\t\t\t\t\t\t\t<div class=\"img-inner dark\" >\n\t\t\t<img loading=\"lazy\" decoding=\"async\" width=\"409\" height=\"236\" src=\"https:\/\/yapadu.es\/wp-content\/uploads\/2025\/09\/zEpLMKlE.png\" class=\"attachment-large size-large\" alt=\"\" srcset=\"https:\/\/yapadu.es\/wp-content\/uploads\/2025\/09\/zEpLMKlE.png 409w, https:\/\/yapadu.es\/wp-content\/uploads\/2025\/09\/zEpLMKlE-300x173.png 300w\" sizes=\"auto, (max-width: 409px) 100vw, 409px\" \/>\t\t\t\t\t\t\n\t\t\t\t\t<\/div>\n\t\t\t\t\t\t\t\t\n<style scope=\"scope\">\n\n#image_1667071638 {\n  width: 100%;\n}\n<\/style>\n\t<\/div>\n\t\n\n\n<\/div><\/div>\n\n\n<style scope=\"scope\">\n\n<\/style>\n<\/div>\n\n              <\/div>\n           <\/div><!-- text-box-inner -->\n                            \n<style scope=\"scope\">\n\n#text-box-379362392 {\n  width: 27%;\n}\n#text-box-379362392 .text {\n  font-size: 100%;\n}\n<\/style>\n    <\/div><!-- text-box -->\n \n\n        <\/div><!-- .banner-layers -->\n      <\/div><!-- .banner-inner -->\n\n            \n<style scope=\"scope\">\n\n#banner-1750887194 {\n  padding-top: 706px;\n  background-color: #e00024;\n}\n#banner-1750887194 .bg.bg-loaded {\n  background-image: url(https:\/\/yapadu.es\/wp-content\/uploads\/2025\/09\/El-Agua-de-Valencia-10_Tobias-Cedola-1024x684.jpg);\n}\n<\/style>\n  <\/div><!-- .banner -->\n\n\n\n     <\/div>\n\n     <div class=\"loading-spin dark large centered\"><\/div>\n\n     <style scope=\"scope\">\n             <\/style>\n<\/div><!-- .ux-slider-wrapper -->\n\n\n  <div class=\"banner-grid-wrapper\">\n  <div id=\"banner-grid-532682245\" class=\"banner-grid row row-grid row-full-width\" data-packery-options=\"\">\n                      \n\n<div class=\"col grid-col large-3 grid-col-1\" ><div class=\"col-inner\">\n\n\n  <div class=\"banner has-hover\" id=\"banner-1831949643\">\n          <div class=\"banner-inner fill\">\n        <div class=\"banner-bg fill\" >\n            <div class=\"bg fill bg-fill\"><\/div>\n                                    \n                    <\/div><!-- bg-layers -->\n        <div class=\"banner-layers container\">\n            <div class=\"fill banner-link\"><\/div>            \n\n   <div id=\"text-box-2128641157\" class=\"text-box banner-layer x50 md-x50 lg-x50 y50 md-y50 lg-y50 res-text\">\n                                <div class=\"text dark\">\n              \n              <div class=\"text-inner text-center\">\n                  \n\n<div class=\"is-divider divider clearfix\" ><\/div><!-- .divider -->\n\n<h3 style=\"color: #000;\"><strong><span style=\"font-size: 160%;\">DE GIRA<\/span><\/strong><\/h3>\n<div class=\"is-divider divider clearfix\" style=\"margin-top:0.6em;margin-bottom:0.6em;max-width:69px;height:6px;background-color:rgb(242, 5, 5);\"><\/div><!-- .divider -->\n\n\n              <\/div>\n           <\/div><!-- text-box-inner -->\n                            \n<style scope=\"scope\">\n\n#text-box-2128641157 {\n  width: 60%;\n}\n#text-box-2128641157 .text {\n  font-size: 100%;\n}\n<\/style>\n    <\/div><!-- text-box -->\n \n\n        <\/div><!-- .banner-layers -->\n      <\/div><!-- .banner-inner -->\n\n            \n<style scope=\"scope\">\n\n#banner-1831949643 {\n  padding-top: 500px;\n  background-color: rgb(255,255,255);\n}\n<\/style>\n  <\/div><!-- .banner -->\n\n\n\n<\/div><\/div>\n<div class=\"col grid-col large-5 grid-col-1\" ><div class=\"col-inner\">\n\n\n  <div class=\"banner has-hover\" id=\"banner-1444259528\">\n          <div class=\"banner-inner fill\">\n        <div class=\"banner-bg fill\" >\n            <div class=\"bg fill bg-fill\"><\/div>\n                                    \n                    <\/div><!-- bg-layers -->\n        <div class=\"banner-layers container\">\n            <div class=\"fill banner-link\"><\/div>            \n\n   <div id=\"text-box-1816285036\" class=\"text-box banner-layer x50 md-x50 lg-x50 y50 md-y50 lg-y50 res-text\">\n                                <div class=\"text dark\">\n              \n              <div class=\"text-inner text-center\">\n                  \n\n<h3 class=\"uppercase\"><strong>\u00a0\u00a0\u00a0\u00a0\u00a0\u00a0 El agua de Valencia<\/strong><\/h3>\n<a href=\"https:\/\/yapadu.es\/ca\/banner-3-el-agua-de-valencia\/\" target=\"_self\" class=\"button primary\"  >\n    <span>VER M\u00c1S<\/span>\n  <\/a>\n\n\n\n              <\/div>\n           <\/div><!-- text-box-inner -->\n                            \n<style scope=\"scope\">\n\n#text-box-1816285036 {\n  width: 60%;\n}\n#text-box-1816285036 .text {\n  font-size: 100%;\n}\n<\/style>\n    <\/div><!-- text-box -->\n \n\n        <\/div><!-- .banner-layers -->\n      <\/div><!-- .banner-inner -->\n\n            \n<style scope=\"scope\">\n\n#banner-1444259528 {\n  padding-top: 301px;\n}\n#banner-1444259528 .bg.bg-loaded {\n  background-image: url(https:\/\/yapadu.es\/wp-content\/uploads\/2025\/09\/El-Agua-de-Valencia-6_Alejandro-Amat-1-819x1024.jpg);\n}\n#banner-1444259528 .bg {\n  background-position: 9% 4%;\n}\n<\/style>\n  <\/div><!-- .banner -->\n\n\n\n<\/div><\/div>\n<div class=\"col grid-col large-4 grid-col-1\" ><div class=\"col-inner\">\n\n\n  <div class=\"banner has-hover\" id=\"banner-4247630\">\n          <div class=\"banner-inner fill\">\n        <div class=\"banner-bg fill\" >\n            <div class=\"bg fill bg-fill\"><\/div>\n                                    \n                    <\/div><!-- bg-layers -->\n        <div class=\"banner-layers container\">\n            <div class=\"fill banner-link\"><\/div>            \n\n   <div id=\"text-box-2122261107\" class=\"text-box banner-layer x50 md-x50 lg-x50 y50 md-y50 lg-y50 res-text\">\n                                <div class=\"text dark\">\n              \n              <div class=\"text-inner text-center\">\n                  \n\n<h3 class=\"uppercase\"><strong>\u00a0\u00a0\u00a0\u00a0\u00a0\u00a0 afectuosamente suyo, jack el destripador<\/strong><\/h3>\n<a href=\"https:\/\/yapadu.es\/ca\/jack-el-destripador\/\" target=\"_self\" class=\"button primary\"  >\n    <span>VER M\u00c1S<\/span>\n  <\/a>\n\n\n\n              <\/div>\n           <\/div><!-- text-box-inner -->\n                            \n<style scope=\"scope\">\n\n#text-box-2122261107 {\n  width: 60%;\n}\n#text-box-2122261107 .text {\n  font-size: 100%;\n}\n<\/style>\n    <\/div><!-- text-box -->\n \n\n        <\/div><!-- .banner-layers -->\n      <\/div><!-- .banner-inner -->\n\n            \n<style scope=\"scope\">\n\n#banner-4247630 {\n  padding-top: 301px;\n}\n#banner-4247630 .bg.bg-loaded {\n  background-image: url(https:\/\/yapadu.es\/wp-content\/uploads\/2025\/09\/61_JACK-1024x684.jpg);\n}\n<\/style>\n  <\/div><!-- .banner -->\n\n\n\n<\/div><\/div>\n\n            <\/div><!-- .banner-grid .row .grid -->\n    <style scope=\"scope\">\n    #banner-grid-532682245 .grid-col-1{height: 600px}\n    #banner-grid-532682245 .grid-col-1-2{height: 300px}\n    #banner-grid-532682245 .grid-col-1-3{height:200px}\n    #banner-grid-532682245 .grid-col-2-3{height: 400px}\n    #banner-grid-532682245 .grid-col-1-4{height: 150px}\n    #banner-grid-532682245 .grid-col-3-4{height: 450px}\n\n\n    \n    \n\n  <\/style>\n    <\/div><!-- .banner-grid-wrapper -->\n  \n\t<div id=\"gap-903272003\" class=\"gap-element clearfix\" style=\"display:block; height:auto;\">\n\t\t\n<style scope=\"scope\">\n\n#gap-903272003 {\n  padding-top: 30px;\n}\n<\/style>\n\t<\/div>\n\t\n\n  <div class=\"banner-grid-wrapper\">\n  <div id=\"banner-grid-397772054\" class=\"banner-grid row row-grid row-small row-full-width\" data-packery-options=\"\">\n                      \n\n<div class=\"col grid-col large-7 grid-col-1\" ><div class=\"col-inner\">\n\n\n  <div class=\"banner has-hover\" id=\"banner-1832690951\">\n          <div class=\"banner-inner fill\">\n        <div class=\"banner-bg fill\" >\n            <div class=\"bg fill bg-fill\"><\/div>\n                                    \n                    <\/div><!-- bg-layers -->\n        <div class=\"banner-layers container\">\n            <div class=\"fill banner-link\"><\/div>            \n\n   <div id=\"text-box-1767576390\" class=\"text-box banner-layer x50 md-x50 lg-x50 y50 md-y50 lg-y50 res-text\">\n                                <div class=\"text dark\">\n              \n              <div class=\"text-inner text-center\">\n                  \n\n<h3 class=\"uppercase\"><strong>\u00a0\u00a0\u00a0\u00a0\u00a0\u00a0 Los duelistas <\/strong><\/h3>\n<a href=\"https:\/\/yapadu.es\/ca\/jack-el-destripador\/reportes\/\" target=\"_self\" class=\"button primary\"  >\n    <span>VER M\u00c1S<\/span>\n  <\/a>\n\n\n\n              <\/div>\n           <\/div><!-- text-box-inner -->\n                            \n<style scope=\"scope\">\n\n#text-box-1767576390 {\n  width: 60%;\n}\n#text-box-1767576390 .text {\n  font-size: 100%;\n}\n<\/style>\n    <\/div><!-- text-box -->\n \n\n        <\/div><!-- .banner-layers -->\n      <\/div><!-- .banner-inner -->\n\n            \n<style scope=\"scope\">\n\n#banner-1832690951 {\n  padding-top: 301px;\n}\n#banner-1832690951 .bg.bg-loaded {\n  background-image: url(https:\/\/yapadu.es\/wp-content\/uploads\/2026\/02\/00046LOS-DUELISTAS-1024x684.jpg);\n}\n<\/style>\n  <\/div><!-- .banner -->\n\n\n\n<\/div><\/div>\n<div class=\"col grid-col large-5 grid-col-1\" ><div class=\"col-inner\">\n\n\n  <div class=\"banner has-hover\" id=\"banner-2043926564\">\n          <div class=\"banner-inner fill\">\n        <div class=\"banner-bg fill\" >\n            <div class=\"bg fill bg-fill\"><\/div>\n                                    \n                    <\/div><!-- bg-layers -->\n        <div class=\"banner-layers container\">\n            <div class=\"fill banner-link\"><\/div>            \n\n   <div id=\"text-box-2130294748\" class=\"text-box banner-layer x50 md-x50 lg-x50 y50 md-y50 lg-y50 res-text\">\n                                <div class=\"text dark\">\n              \n              <div class=\"text-inner text-center\">\n                  \n\n<h3 class=\"uppercase\"><span style=\"font-size: 150%;\"><b>PR\u00d2XIMAMENT<\/b><\/span><\/h3>\n<div class=\"is-divider divider clearfix\" style=\"max-width:90px;\"><\/div><!-- .divider -->\n\n\n              <\/div>\n           <\/div><!-- text-box-inner -->\n                            \n<style scope=\"scope\">\n\n#text-box-2130294748 {\n  width: 60%;\n}\n#text-box-2130294748 .text {\n  font-size: 100%;\n}\n<\/style>\n    <\/div><!-- text-box -->\n \n\n        <\/div><!-- .banner-layers -->\n      <\/div><!-- .banner-inner -->\n\n            \n<style scope=\"scope\">\n\n#banner-2043926564 {\n  padding-top: 500px;\n  background-color: rgb(191, 23, 23);\n}\n<\/style>\n  <\/div><!-- .banner -->\n\n\n\n<\/div><\/div>\n\n            <\/div><!-- .banner-grid .row .grid -->\n    <style scope=\"scope\">\n    #banner-grid-397772054 .grid-col-1{height: 600px}\n    #banner-grid-397772054 .grid-col-1-2{height: 300px}\n    #banner-grid-397772054 .grid-col-1-3{height:200px}\n    #banner-grid-397772054 .grid-col-2-3{height: 400px}\n    #banner-grid-397772054 .grid-col-1-4{height: 150px}\n    #banner-grid-397772054 .grid-col-3-4{height: 450px}\n\n\n    \n    \n\n  <\/style>\n    <\/div><!-- .banner-grid-wrapper -->\n  \n\t<div id=\"gap-803616547\" class=\"gap-element clearfix\" style=\"display:block; height:auto;\">\n\t\t\n<style scope=\"scope\">\n\n#gap-803616547 {\n  padding-top: 30px;\n}\n<\/style>\n\t<\/div>\n\t\n\n\n  <div class=\"banner has-hover\" id=\"banner-1595538150\">\n          <div class=\"banner-inner fill\">\n        <div class=\"banner-bg fill\" >\n            <div class=\"bg fill bg-fill\"><\/div>\n                                    \n                    <\/div><!-- bg-layers -->\n        <div class=\"banner-layers container\">\n            <div class=\"fill banner-link\"><\/div>            \n\n   <div id=\"text-box-1048504684\" class=\"text-box banner-layer x50 md-x50 lg-x50 y50 md-y50 lg-y50 res-text\">\n                                <div class=\"text dark\">\n              \n              <div class=\"text-inner text-center\">\n                  \n\n<h3 class=\"uppercase\"><b>hist\u00d2ric<\/b><\/h3>\n\n              <\/div>\n           <\/div><!-- text-box-inner -->\n                            \n<style scope=\"scope\">\n\n#text-box-1048504684 {\n  width: 60%;\n}\n#text-box-1048504684 .text {\n  font-size: 100%;\n}\n<\/style>\n    <\/div><!-- text-box -->\n \n\n        <\/div><!-- .banner-layers -->\n      <\/div><!-- .banner-inner -->\n\n            \n<style scope=\"scope\">\n\n#banner-1595538150 {\n  padding-top: 159px;\n}\n<\/style>\n  <\/div><!-- .banner -->\n\n\n\t<div id=\"gap-204104198\" class=\"gap-element clearfix\" style=\"display:block; height:auto;\">\n\t\t\n<style scope=\"scope\">\n\n#gap-204104198 {\n  padding-top: 30px;\n}\n<\/style>\n\t<\/div>\n\t\n\n\t<section class=\"section\" id=\"section_1824692124\">\n\t\t<div class=\"bg section-bg fill bg-fill  bg-loaded\" >\n\n\t\t\t\n\t\t\t\n\t\t\t\n\n\t\t<\/div><!-- .section-bg -->\n\n\t\t<div class=\"section-content relative\">\n\t\t\t\n\n<div class=\"row row-collapse row-full-width\"  id=\"row-137060131\">\n\n<div class=\"col medium-4 large-4\"  ><div class=\"col-inner\"  >\n\n\n  <div class=\"banner has-hover\" id=\"banner-1856095225\">\n          <div class=\"banner-inner fill\">\n        <div class=\"banner-bg fill\" >\n            <div class=\"bg fill bg-fill\"><\/div>\n                                    \n                    <\/div><!-- bg-layers -->\n        <div class=\"banner-layers container\">\n            <div class=\"fill banner-link\"><\/div>            \n\n   <div id=\"text-box-344763665\" class=\"text-box banner-layer x50 md-x50 lg-x50 y50 md-y50 lg-y50 res-text\">\n                                <div class=\"text dark\">\n              \n              <div class=\"text-inner text-center\">\n                  \n\n<h3 class=\"uppercase\"><strong>NUEVE<\/strong><\/h3>\n<a href=\"#bio-nueve\" target=\"_self\" class=\"button primary\"  >\n    <span>VER M\u00c1S<\/span>\n  <\/a>\n\n\n\n              <\/div>\n           <\/div><!-- text-box-inner -->\n                            \n<style scope=\"scope\">\n\n#text-box-344763665 {\n  width: 60%;\n}\n#text-box-344763665 .text {\n  font-size: 100%;\n}\n<\/style>\n    <\/div><!-- text-box -->\n \n\n        <\/div><!-- .banner-layers -->\n      <\/div><!-- .banner-inner -->\n\n            \n<style scope=\"scope\">\n\n#banner-1856095225 {\n  padding-top: 301px;\n}\n#banner-1856095225 .bg.bg-loaded {\n  background-image: url(https:\/\/yapadu.es\/wp-content\/uploads\/2025\/09\/YDRAY-_MG_9623-1024x562.jpg);\n}\n#banner-1856095225 .bg {\n  background-position: 55% 44%;\n}\n<\/style>\n  <\/div><!-- .banner -->\n\n\n\n<\/div><\/div>\n<div class=\"col medium-4 large-4\"  ><div class=\"col-inner\"  >\n\n\n  <div class=\"banner has-hover\" id=\"banner-1679083385\">\n          <div class=\"banner-inner fill\">\n        <div class=\"banner-bg fill\" >\n            <div class=\"bg fill bg-fill\"><\/div>\n                                    \n                    <\/div><!-- bg-layers -->\n        <div class=\"banner-layers container\">\n            <div class=\"fill banner-link\"><\/div>            \n\n   <div id=\"text-box-283969003\" class=\"text-box banner-layer x50 md-x50 lg-x50 y50 md-y50 lg-y50 res-text\">\n                                <div class=\"text dark\">\n              \n              <div class=\"text-inner text-center\">\n                  \n\n<h3 class=\"uppercase\"><strong>Dem\u00e0 no hi ha classe<\/strong><\/h3>\n<a href=\"#bio-dema-no-hi-ha-classe\" target=\"_self\" class=\"button primary\"  >\n    <span>VER M\u00c1S<\/span>\n  <\/a>\n\n\n\n              <\/div>\n           <\/div><!-- text-box-inner -->\n                            \n<style scope=\"scope\">\n\n#text-box-283969003 {\n  width: 60%;\n}\n#text-box-283969003 .text {\n  font-size: 100%;\n}\n<\/style>\n    <\/div><!-- text-box -->\n \n\n        <\/div><!-- .banner-layers -->\n      <\/div><!-- .banner-inner -->\n\n            \n<style scope=\"scope\">\n\n#banner-1679083385 {\n  padding-top: 301px;\n}\n<\/style>\n  <\/div><!-- .banner -->\n\n\n\n<\/div><\/div>\n<div class=\"col medium-4 small-12 large-4\"  ><div class=\"col-inner\"  >\n\n\n  <div class=\"banner has-hover\" id=\"banner-1343568747\">\n          <div class=\"banner-inner fill\">\n        <div class=\"banner-bg fill\" >\n            <div class=\"bg fill bg-fill\"><\/div>\n                                    \n                    <\/div><!-- bg-layers -->\n        <div class=\"banner-layers container\">\n            <div class=\"fill banner-link\"><\/div>            \n\n   <div id=\"text-box-202228577\" class=\"text-box banner-layer x50 md-x50 lg-x50 y50 md-y50 lg-y50 res-text\">\n                                <div class=\"text dark\">\n              \n              <div class=\"text-inner text-center\">\n                  \n\n<h3 class=\"uppercase\"><strong>\u00daltima lluna de Mercucio Montesco<\/strong><\/h3>\n<a href=\"#bio-ultima-lluna-de-mercurio-montesco\" target=\"_self\" class=\"button primary\"  >\n    <span>VER M\u00c1S<\/span>\n  <\/a>\n\n\n\n              <\/div>\n           <\/div><!-- text-box-inner -->\n                            \n<style scope=\"scope\">\n\n#text-box-202228577 {\n  width: 60%;\n}\n#text-box-202228577 .text {\n  font-size: 100%;\n}\n<\/style>\n    <\/div><!-- text-box -->\n \n\n        <\/div><!-- .banner-layers -->\n      <\/div><!-- .banner-inner -->\n\n            \n<style scope=\"scope\">\n\n#banner-1343568747 {\n  padding-top: 302px;\n}\n#banner-1343568747 .bg.bg-loaded {\n  background-image: url(https:\/\/yapadu.es\/wp-content\/uploads\/2025\/09\/YDRAY-FOTO-3_MERCUCIO-1024x683.jpg);\n}\n#banner-1343568747 .bg {\n  background-position: 5% 100%;\n}\n<\/style>\n  <\/div><!-- .banner -->\n\n\n\n<\/div><\/div>\n\n\n<style scope=\"scope\">\n\n<\/style>\n<\/div>\n\n\t\t<\/div><!-- .section-content -->\n\n\t\t\n<style scope=\"scope\">\n\n#section_1824692124 {\n  padding-top: 30px;\n  padding-bottom: 30px;\n}\n<\/style>\n\t<\/section>\n\t\n<div id=\"bio-nueve\"\n    class=\"lightbox-by-id lightbox-content mfp-hide lightbox-white\"\n    style=\"max-width:800px ;padding:30px\">\n    \n<h3 style=\"margin:0 0 6px\">NUEVE<\/h3>\n<p style=\"color:#666;margin:0 0 16px\">Creaci\u00f3n de Miguel \u00c1ngel Romo y Javier Sahuquillo, en coproducci\u00f3n con Perros Daneses.<\/p>\n<\/div>\n\n\n<div id=\"bio-dema-no-hi-ha-classe\"\n    class=\"lightbox-by-id lightbox-content mfp-hide lightbox-white\"\n    style=\"max-width:800px ;padding:30px\">\n    \n<h3 style=\"margin:0 0 6px\">DEM\u00c0 NO HI HA CLASSE<\/h3>\n<p style=\"color:#666;margin:0 0 16px\">Escrita por Juli Disla y Jaume P\u00e9rez<\/p>\n<\/div>\n\n\n<div id=\"bio-ultima-lluna\"\n    class=\"lightbox-by-id lightbox-content mfp-hide lightbox-white\"\n    style=\"max-width:800px ;padding:30px\">\n    \n<h3 style=\"margin:0 0 6px\">\u00daLTIMA LLUNA DE MERCURIO MONTESCO<\/h3>\n<p style=\"color:#666;margin:0 0 16px\">Creaci\u00f3n de Borja L\u00f3pez Collado, Laura Sanchis y Javier Sahuquillo, en coproducci\u00f3n con Perros Daneses y el Teatre del Musical<\/p>\n<\/div>\n\n\n<div id=\"bio-el-agua-de-valencia\"\n    class=\"lightbox-by-id lightbox-content mfp-hide lightbox-white\"\n    style=\"max-width:800px ;padding:30px\">\n    \n<h3 style=\"margin:0 0 6px\">EL AGUA DE VALENCIA<\/h3>\n<p style=\"color:#666;margin:0 0 16px\">Espect\u00e1culo musical dirigido por Daniel Tormo, Anna Mari y Javier Sahuquillo. Ha sido candidato a los premios Max 2025 como Mejor Espect\u00e1culo Musical en coproducci\u00f3n con Rambleta.<\/p>\n<\/div>\n\n\n<div id=\"bio-musica-empresonada\"\n    class=\"lightbox-by-id lightbox-content mfp-hide lightbox-white\"\n    style=\"max-width:800px ;padding:30px\">\n    \n<h3 style=\"margin:0 0 6px\">M\u00daSICA EMPRESONADA<\/h3>\n<p style=\"color:#666;margin:0 0 16px\">Escrita por Toni Tordera y Juanjo Prats, una obra que reflexiona sobre los m\u00fasicos que fueron presos en el Monasterio tras la Guerra Civil Espa\u00f1ola. Producci\u00f3n delegada de San Miguel de los Reyes<\/p>\n<\/div>\n\n\n<div id=\"bio-ultima-lluna-de-mercurio-montesco\"\n    class=\"lightbox-by-id lightbox-content mfp-hide lightbox-white\"\n    style=\"max-width:800px ;padding:30px\">\n    \n<h3 style=\"margin:0 0 6px\">\u00daLTIMA LLUNA DE MERCURIO MONTESCO<\/h3>\n<p style=\"color:#666;margin:0 0 16px\"> Creaci\u00f3n de Borja L\u00f3pez Collado, Laura Sanchis y Javier Sahuquillo, en coproducci\u00f3n con Perros Daneses y el Teatre del Musical.<\/p>\n<\/div>","protected":false},"excerpt":{"rendered":"","protected":false},"author":1,"featured_media":0,"parent":0,"menu_order":0,"comment_status":"closed","ping_status":"closed","template":"page-blank.php","meta":{"footnotes":""},"class_list":["post-1225","page","type-page","status-publish","hentry"],"_links":{"self":[{"href":"https:\/\/yapadu.es\/ca\/wp-json\/wp\/v2\/pages\/1225","targetHints":{"allow":["GET"]}}],"collection":[{"href":"https:\/\/yapadu.es\/ca\/wp-json\/wp\/v2\/pages"}],"about":[{"href":"https:\/\/yapadu.es\/ca\/wp-json\/wp\/v2\/types\/page"}],"author":[{"embeddable":true,"href":"https:\/\/yapadu.es\/ca\/wp-json\/wp\/v2\/users\/1"}],"replies":[{"embeddable":true,"href":"https:\/\/yapadu.es\/ca\/wp-json\/wp\/v2\/comments?post=1225"}],"version-history":[{"count":56,"href":"https:\/\/yapadu.es\/ca\/wp-json\/wp\/v2\/pages\/1225\/revisions"}],"predecessor-version":[{"id":2108,"href":"https:\/\/yapadu.es\/ca\/wp-json\/wp\/v2\/pages\/1225\/revisions\/2108"}],"wp:attachment":[{"href":"https:\/\/yapadu.es\/ca\/wp-json\/wp\/v2\/media?parent=1225"}],"curies":[{"name":"wp","href":"https:\/\/api.w.org\/{rel}","templated":true}]}}