{"id":1227,"date":"2025-09-02T10:09:59","date_gmt":"2025-09-02T10:09:59","guid":{"rendered":"https:\/\/yapadu.es\/?page_id=1227"},"modified":"2025-09-16T08:38:35","modified_gmt":"2025-09-16T08:38:35","slug":"danza","status":"publish","type":"page","link":"https:\/\/yapadu.es\/ca\/danza\/","title":{"rendered":"DANSA"},"content":{"rendered":"<a href=\"https:\/\/yapadu.es\/ca\/\" target=\"_self\" class=\"button primary\"  >\n  <i class=\"icon-angle-left\" ><\/i>  <span>Volver a inicio<\/span>\n  <\/a>\n\n\n<div class=\"slider-wrapper relative\" id=\"slider-1269560095\" >\n    <div class=\"slider slider-nav-circle slider-nav-large slider-nav-light slider-style-normal\"\n        data-flickity-options='{            \"cellAlign\": \"center\",            \"imagesLoaded\": true,            \"lazyLoad\": 1,            \"freeScroll\": false,            \"wrapAround\": true,            \"autoPlay\": 6000,            \"pauseAutoPlayOnHover\" : true,            \"prevNextButtons\": true,            \"contain\" : true,            \"adaptiveHeight\" : true,            \"dragThreshold\" : 10,            \"percentPosition\": true,            \"pageDots\": true,            \"rightToLeft\": false,            \"draggable\": true,            \"selectedAttraction\": 0.1,            \"parallax\" : 0,            \"friction\": 0.6        }'\n        >\n        \n\n\n     <\/div>\n\n     <div class=\"loading-spin dark large centered\"><\/div>\n\n     <style scope=\"scope\">\n             <\/style>\n<\/div><!-- .ux-slider-wrapper -->\n\n\n\n  <div class=\"banner has-hover\" id=\"banner-1348917653\">\n          <div class=\"banner-inner fill\">\n        <div class=\"banner-bg fill\" >\n            <div class=\"bg fill bg-fill\"><\/div>\n                                    \n                    <\/div><!-- bg-layers -->\n        <div class=\"banner-layers container\">\n            <div class=\"fill banner-link\"><\/div>            \n\n   <div id=\"text-box-2004417886\" class=\"text-box banner-layer x70 md-x70 lg-x70 y50 md-y50 lg-y50 res-text\">\n                                <div class=\"text dark\">\n              \n              <div class=\"text-inner text-center\">\n                  \n\n<div class=\"row align-bottom\"  id=\"row-2067698578\">\n\n<div class=\"col medium-2 small-12 large-2\"  ><div class=\"col-inner\"  >\n\n<p class=\"uppercase\" style=\"text-align: center;\">\u00a0<\/p>\n<h1 class=\"uppercase\"><strong><span style=\"font-size: 130%; color: #f7f7f7;\">DANZA Y M\u00daSICA<\/span><\/strong><\/h1>\n<p>\u00a0<\/p>\n\n<\/div><\/div>\n<div class=\"col medium-4 small-12 large-4\"  ><div class=\"col-inner\"  >\n\n\t<div class=\"img has-hover x md-x lg-x y md-y lg-y\" id=\"image_2135188846\">\n\t\t\t\t\t\t\t\t<div class=\"img-inner dark\" >\n\t\t\t<img loading=\"lazy\" decoding=\"async\" width=\"409\" height=\"236\" src=\"https:\/\/yapadu.es\/wp-content\/uploads\/2025\/09\/zEpLMKlE.png\" class=\"attachment-large size-large\" alt=\"\" srcset=\"https:\/\/yapadu.es\/wp-content\/uploads\/2025\/09\/zEpLMKlE.png 409w, https:\/\/yapadu.es\/wp-content\/uploads\/2025\/09\/zEpLMKlE-300x173.png 300w\" sizes=\"auto, (max-width: 409px) 100vw, 409px\" \/>\t\t\t\t\t\t\n\t\t\t\t\t<\/div>\n\t\t\t\t\t\t\t\t\n<style scope=\"scope\">\n\n#image_2135188846 {\n  width: 100%;\n}\n<\/style>\n\t<\/div>\n\t\n\n\n<\/div><\/div>\n\n\n<style scope=\"scope\">\n\n<\/style>\n<\/div>\n\n              <\/div>\n           <\/div><!-- text-box-inner -->\n                            \n<style scope=\"scope\">\n\n#text-box-2004417886 {\n  width: 26%;\n}\n#text-box-2004417886 .text {\n  font-size: 100%;\n}\n<\/style>\n    <\/div><!-- text-box -->\n \n\n        <\/div><!-- .banner-layers -->\n      <\/div><!-- .banner-inner -->\n\n            \n<style scope=\"scope\">\n\n#banner-1348917653 {\n  padding-top: 706px;\n  background-color: #e00024;\n}\n#banner-1348917653 .bg.bg-loaded {\n  background-image: url(https:\/\/yapadu.es\/wp-content\/uploads\/2025\/09\/DSC09163a-1024x683.png);\n}\n<\/style>\n  <\/div><!-- .banner -->\n\n\n\t<div id=\"gap-251336554\" class=\"gap-element clearfix\" style=\"display:block; height:auto;\">\n\t\t\n<style scope=\"scope\">\n\n#gap-251336554 {\n  padding-top: 30px;\n}\n<\/style>\n\t<\/div>\n\t\n\n  <div class=\"banner-grid-wrapper\">\n  <div id=\"banner-grid-901746095\" class=\"banner-grid row row-grid row-small row-full-width\" data-packery-options=\"\">\n                      <br \/>\n<b>Warning<\/b>:  Trying to access array offset on false in <b>\/srv\/vhost\/yapadu.es\/home\/html\/wp-content\/themes\/flatsome\/inc\/shortcodes\/ux_image.php<\/b> on line <b>61<\/b><br \/>\n\n\n<div class=\"col grid-col large-4 grid-col-1\" ><div class=\"col-inner\">\n\n\n  <div class=\"banner has-hover\" id=\"banner-220286146\">\n          <div class=\"banner-inner fill\">\n        <div class=\"banner-bg fill\" >\n            <div class=\"bg fill bg-fill\"><\/div>\n                                    \n                    <\/div><!-- bg-layers -->\n        <div class=\"banner-layers container\">\n            <div class=\"fill banner-link\"><\/div>            \n\n   <div id=\"text-box-1549197039\" class=\"text-box banner-layer x50 md-x50 lg-x50 y50 md-y50 lg-y50 res-text\">\n                                <div class=\"text dark\">\n              \n              <div class=\"text-inner text-center\">\n                  \n\n<h3 class=\"uppercase\" style=\"color: #000;\"><span style=\"font-size: 150%;\"><strong>EN gira<\/strong><\/span><\/h3>\n<div class=\"is-divider divider clearfix\" style=\"margin-top:0.4em;margin-bottom:0.4em;max-width:70px;height:6px;background-color:rgb(236, 29, 29);\"><\/div><!-- .divider -->\n\n\n              <\/div>\n           <\/div><!-- text-box-inner -->\n                            \n<style scope=\"scope\">\n\n#text-box-1549197039 {\n  width: 60%;\n}\n#text-box-1549197039 .text {\n  font-size: 100%;\n}\n<\/style>\n    <\/div><!-- text-box -->\n \n\n        <\/div><!-- .banner-layers -->\n      <\/div><!-- .banner-inner -->\n\n            \n<style scope=\"scope\">\n\n#banner-220286146 {\n  padding-top: 500px;\n  background-color: rgb(255, 255, 255);\n}\n<\/style>\n  <\/div><!-- .banner -->\n\n\n\n<\/div><\/div>\n<div class=\"col grid-col large-8 grid-col-1\" ><div class=\"col-inner\">\n\n\t<div class=\"img has-hover x md-x lg-x y md-y lg-y\" id=\"image_775461710\">\n\t\t\t\t\t\t\t\t<div class=\"img-inner dark\" >\n\t\t\t\t\t\t\t\t\t\n\t\t\t\t\t<\/div>\n\t\t\t\t\t\t\t\t\n<style scope=\"scope\">\n\n#image_775461710 {\n  width: 100%;\n}\n<\/style>\n\t<\/div>\n\t\n\n\t<div class=\"img has-hover x md-x lg-x y md-y lg-y\" id=\"image_1645567791\">\n\t\t\t\t\t\t\t\t<div class=\"img-inner dark\" >\n\t\t\t<img loading=\"lazy\" decoding=\"async\" width=\"1020\" height=\"680\" src=\"https:\/\/yapadu.es\/wp-content\/uploads\/2025\/09\/DSC09137a-1024x683.jpg\" class=\"attachment-large size-large\" alt=\"\" srcset=\"https:\/\/yapadu.es\/wp-content\/uploads\/2025\/09\/DSC09137a-1024x683.jpg 1024w, https:\/\/yapadu.es\/wp-content\/uploads\/2025\/09\/DSC09137a-300x200.jpg 300w, https:\/\/yapadu.es\/wp-content\/uploads\/2025\/09\/DSC09137a-768x512.jpg 768w, https:\/\/yapadu.es\/wp-content\/uploads\/2025\/09\/DSC09137a-1536x1024.jpg 1536w, https:\/\/yapadu.es\/wp-content\/uploads\/2025\/09\/DSC09137a-2048x1365.jpg 2048w\" sizes=\"auto, (max-width: 1020px) 100vw, 1020px\" \/>\t\t\t\t\t\t\n\t\t\t\t\t<\/div>\n\t\t\t\t\t\t\t\t\n<style scope=\"scope\">\n\n#image_1645567791 {\n  width: 100%;\n}\n<\/style>\n\t<\/div>\n\t\n\n\n  <div class=\"banner has-hover\" id=\"banner-1308704040\">\n          <div class=\"banner-inner fill\">\n        <div class=\"banner-bg fill\" >\n            <div class=\"bg fill bg-fill\"><\/div>\n                        <div class=\"overlay\"><\/div>            \n                    <\/div><!-- bg-layers -->\n        <div class=\"banner-layers container\">\n            <div class=\"fill banner-link\"><\/div>            \n\n\n        <\/div><!-- .banner-layers -->\n      <\/div><!-- .banner-inner -->\n\n            \n<style scope=\"scope\">\n\n#banner-1308704040 {\n  padding-top: 300px;\n}\n#banner-1308704040 .bg.bg-loaded {\n  background-image: url(https:\/\/yapadu.es\/wp-content\/uploads\/2025\/09\/articulos-423115-1024x684.jpg);\n}\n#banner-1308704040 .overlay {\n  background-color: rgba(224,0,36,0.15);\n}\n#banner-1308704040 .bg {\n  background-position: 47% 19%;\n}\n<\/style>\n  <\/div><!-- .banner -->\n\n\n   <div id=\"text-box-136236945\" class=\"text-box banner-layer x50 md-x50 lg-x50 y50 md-y50 lg-y50 res-text\">\n                                <div class=\"text dark\">\n              \n              <div class=\"text-inner text-center\">\n                  \n\n\n              <\/div>\n           <\/div><!-- text-box-inner -->\n                            \n<style scope=\"scope\">\n\n#text-box-136236945 {\n  width: 60%;\n}\n#text-box-136236945 .text {\n  font-size: 100%;\n}\n<\/style>\n    <\/div><!-- text-box -->\n \n<h2>PADRE NUESTRO<\/h2>\n<a href=\"#bio-kabul\" target=\"_self\" class=\"button primary\"  >\n    <span>VER M\u00c1S<\/span>\n  <\/a>\n\n\n\n  <div class=\"banner has-hover\" id=\"banner-2031344884\">\n          <div class=\"banner-inner fill\">\n        <div class=\"banner-bg fill\" >\n            <div class=\"bg fill bg-fill\"><\/div>\n                        <div class=\"overlay\"><\/div>            \n                    <\/div><!-- bg-layers -->\n        <div class=\"banner-layers container\">\n            <div class=\"fill banner-link\"><\/div>            \n\n   <div id=\"text-box-1521916638\" class=\"text-box banner-layer x50 md-x50 lg-x50 y50 md-y50 lg-y50 res-text\">\n                                <div class=\"text dark\">\n              \n              <div class=\"text-inner text-center\">\n                  \n\n<h2>PADRE NUESTRO<\/h2>\n<a href=\"https:\/\/yapadu.es\/ca\/padre-nuestro\/\" target=\"_self\" class=\"button primary\"  >\n    <span>VER M\u00c1S<\/span>\n  <\/a>\n\n\n\n              <\/div>\n           <\/div><!-- text-box-inner -->\n                            \n<style scope=\"scope\">\n\n#text-box-1521916638 {\n  width: 60%;\n}\n#text-box-1521916638 .text {\n  font-size: 100%;\n}\n<\/style>\n    <\/div><!-- text-box -->\n \n\n        <\/div><!-- .banner-layers -->\n      <\/div><!-- .banner-inner -->\n\n            \n<style scope=\"scope\">\n\n#banner-2031344884 {\n  padding-top: 300px;\n}\n#banner-2031344884 .bg.bg-loaded {\n  background-image: url(https:\/\/yapadu.es\/wp-content\/uploads\/2025\/09\/DSC09137a-1024x683.jpg);\n}\n#banner-2031344884 .overlay {\n  background-color: rgba(224,0,36,0.15);\n}\n#banner-2031344884 .bg {\n  background-position: 37% 11%;\n}\n<\/style>\n  <\/div><!-- .banner -->\n\n\n\n<\/div><\/div>\n\n            <\/div><!-- .banner-grid .row .grid -->\n    <style scope=\"scope\">\n    #banner-grid-901746095 .grid-col-1{height: 600px}\n    #banner-grid-901746095 .grid-col-1-2{height: 300px}\n    #banner-grid-901746095 .grid-col-1-3{height:200px}\n    #banner-grid-901746095 .grid-col-2-3{height: 400px}\n    #banner-grid-901746095 .grid-col-1-4{height: 150px}\n    #banner-grid-901746095 .grid-col-3-4{height: 450px}\n\n\n    \n    \n\n  <\/style>\n    <\/div><!-- .banner-grid-wrapper -->\n  \n\t<div id=\"gap-1344742764\" class=\"gap-element clearfix\" style=\"display:block; height:auto;\">\n\t\t\n<style scope=\"scope\">\n\n#gap-1344742764 {\n  padding-top: 30px;\n}\n<\/style>\n\t<\/div>\n\t\n\n\t<div id=\"gap-1343803460\" class=\"gap-element clearfix\" style=\"display:block; height:auto;\">\n\t\t\n<style scope=\"scope\">\n\n#gap-1343803460 {\n  padding-top: 30px;\n}\n<\/style>\n\t<\/div>\n\t\n\n\n  <div class=\"banner has-hover\" id=\"banner-779498573\">\n          <div class=\"banner-inner fill\">\n        <div class=\"banner-bg fill\" >\n            <div class=\"bg fill bg-fill\"><\/div>\n                                    \n                    <\/div><!-- bg-layers -->\n        <div class=\"banner-layers container\">\n            <div class=\"fill banner-link\"><\/div>            \n\n   <div id=\"text-box-719002542\" class=\"text-box banner-layer x50 md-x50 lg-x50 y50 md-y50 lg-y50 res-text\">\n                                <div class=\"text dark\">\n              \n              <div class=\"text-inner text-center\">\n                  \n\n<h3 class=\"uppercase\"><span style=\"font-size: 140%;\"><strong>hist\u00d2ric<\/strong><\/span><\/h3>\n\n              <\/div>\n           <\/div><!-- text-box-inner -->\n                            \n<style scope=\"scope\">\n\n#text-box-719002542 {\n  width: 60%;\n}\n#text-box-719002542 .text {\n  font-size: 100%;\n}\n<\/style>\n    <\/div><!-- text-box -->\n \n\n        <\/div><!-- .banner-layers -->\n      <\/div><!-- .banner-inner -->\n\n            \n<style scope=\"scope\">\n\n#banner-779498573 {\n  padding-top: 240px;\n}\n<\/style>\n  <\/div><!-- .banner -->\n\n\n\t<section class=\"section\" id=\"section_684783276\">\n\t\t<div class=\"bg section-bg fill bg-fill  bg-loaded\" >\n\n\t\t\t\n\t\t\t\n\t\t\t\n\n\t\t<\/div><!-- .section-bg -->\n\n\t\t<div class=\"section-content relative\">\n\t\t\t\n\n<div class=\"row row-collapse row-full-width\"  id=\"row-445018008\">\n\n<div class=\"col medium-4 large-4\"  ><div class=\"col-inner\"  >\n\n\n  <div class=\"banner has-hover\" id=\"banner-2134822534\">\n          <div class=\"banner-inner fill\">\n        <div class=\"banner-bg fill\" >\n            <div class=\"bg fill bg-fill\"><\/div>\n                        <div class=\"overlay\"><\/div>            \n                    <\/div><!-- bg-layers -->\n        <div class=\"banner-layers container\">\n            <div class=\"fill banner-link\"><\/div>            \n\n   <div id=\"text-box-1637818650\" class=\"text-box banner-layer x50 md-x50 lg-x50 y50 md-y50 lg-y50 res-text\">\n                                <div class=\"text dark\">\n              \n              <div class=\"text-inner text-center\">\n                  \n\n<h2>KABUL<\/h2>\n<a href=\"#bio-kabul\" target=\"_self\" class=\"button primary\"  >\n    <span>VER M\u00c1S<\/span>\n  <\/a>\n\n\n\n              <\/div>\n           <\/div><!-- text-box-inner -->\n                            \n<style scope=\"scope\">\n\n#text-box-1637818650 {\n  width: 60%;\n}\n#text-box-1637818650 .text {\n  font-size: 100%;\n}\n<\/style>\n    <\/div><!-- text-box -->\n \n\n        <\/div><!-- .banner-layers -->\n      <\/div><!-- .banner-inner -->\n\n            \n<style scope=\"scope\">\n\n#banner-2134822534 {\n  padding-top: 300px;\n}\n#banner-2134822534 .bg.bg-loaded {\n  background-image: url(https:\/\/yapadu.es\/wp-content\/uploads\/2025\/09\/articulos-423115-1024x684.jpg);\n}\n#banner-2134822534 .overlay {\n  background-color: rgba(224,0,36,0.15);\n}\n#banner-2134822534 .bg {\n  background-position: 47% 19%;\n}\n<\/style>\n  <\/div><!-- .banner -->\n\n\n\n<\/div><\/div>\n<div class=\"col medium-4 small-12 large-4\"  ><div class=\"col-inner\"  >\n\n\n  <div class=\"banner has-hover\" id=\"banner-1908373637\">\n          <div class=\"banner-inner fill\">\n        <div class=\"banner-bg fill\" >\n            <div class=\"bg fill bg-fill\"><\/div>\n                        <div class=\"overlay\"><\/div>            \n                    <\/div><!-- bg-layers -->\n        <div class=\"banner-layers container\">\n            <div class=\"fill banner-link\"><\/div>            \n\n   <div id=\"text-box-994401157\" class=\"text-box banner-layer x50 md-x50 lg-x50 y50 md-y50 lg-y50 res-text\">\n                                <div class=\"text dark\">\n              \n              <div class=\"text-inner text-center\">\n                  \n\n<h2>KAILO<\/h2>\n<a href=\"#bio-kailo\" target=\"_self\" class=\"button primary\"  >\n    <span>VER M\u00c1S<\/span>\n  <\/a>\n\n\n\n              <\/div>\n           <\/div><!-- text-box-inner -->\n                            \n<style scope=\"scope\">\n\n#text-box-994401157 {\n  width: 60%;\n}\n#text-box-994401157 .text {\n  font-size: 100%;\n}\n<\/style>\n    <\/div><!-- text-box -->\n \n\n        <\/div><!-- .banner-layers -->\n      <\/div><!-- .banner-inner -->\n\n            \n<style scope=\"scope\">\n\n#banner-1908373637 {\n  padding-top: 300px;\n}\n#banner-1908373637 .bg.bg-loaded {\n  background-image: url(https:\/\/yapadu.es\/wp-content\/uploads\/2025\/09\/kailo-1024x682.jpg);\n}\n#banner-1908373637 .overlay {\n  background-color: rgba(224,0,36,0.15);\n}\n<\/style>\n  <\/div><!-- .banner -->\n\n\n\n<\/div><\/div>\n<div class=\"col medium-4 small-12 large-4\"  ><div class=\"col-inner\"  >\n\n\n  <div class=\"banner has-hover\" id=\"banner-31241914\">\n          <div class=\"banner-inner fill\">\n        <div class=\"banner-bg fill\" >\n            <div class=\"bg fill bg-fill\"><\/div>\n                                    \n                    <\/div><!-- bg-layers -->\n        <div class=\"banner-layers container\">\n            <div class=\"fill banner-link\"><\/div>            \n\n   <div id=\"text-box-758711822\" class=\"text-box banner-layer x50 md-x50 lg-x50 y50 md-y50 lg-y50 res-text\">\n                                <div class=\"text dark\">\n              \n              <div class=\"text-inner text-center\">\n                  \n\n<h2>TRANSMUTACIONS<\/h2>\n<a href=\"#bio-transmutacions\" target=\"_self\" class=\"button primary\"  >\n    <span>VER M\u00c1S<\/span>\n  <\/a>\n\n\n\n              <\/div>\n           <\/div><!-- text-box-inner -->\n                            \n<style scope=\"scope\">\n\n#text-box-758711822 {\n  width: 60%;\n}\n#text-box-758711822 .text {\n  font-size: 100%;\n}\n<\/style>\n    <\/div><!-- text-box -->\n \n\n        <\/div><!-- .banner-layers -->\n      <\/div><!-- .banner-inner -->\n\n            \n<style scope=\"scope\">\n\n#banner-31241914 {\n  padding-top: 301px;\n}\n<\/style>\n  <\/div><!-- .banner -->\n\n\n\n<\/div><\/div>\n<div class=\"col medium-4 large-4\"  ><div class=\"col-inner\"  >\n\n\n  <div class=\"banner has-hover\" id=\"banner-291973403\">\n          <div class=\"banner-inner fill\">\n        <div class=\"banner-bg fill\" >\n            <div class=\"bg fill bg-fill\"><\/div>\n                                    \n                    <\/div><!-- bg-layers -->\n        <div class=\"banner-layers container\">\n            <div class=\"fill banner-link\"><\/div>            \n\n   <div id=\"text-box-970898912\" class=\"text-box banner-layer x50 md-x50 lg-x50 y50 md-y50 lg-y50 res-text\">\n                                <div class=\"text dark\">\n              \n              <div class=\"text-inner text-center\">\n                  \n\n<h2>M\u00daSICA EMPRESONADA<\/h2>\n<a href=\"#bio-musica-empresonada\" target=\"_self\" class=\"button primary\"  >\n    <span>VER M\u00c1S<\/span>\n  <\/a>\n\n\n\n              <\/div>\n           <\/div><!-- text-box-inner -->\n                            \n<style scope=\"scope\">\n\n#text-box-970898912 {\n  width: 60%;\n}\n#text-box-970898912 .text {\n  font-size: 100%;\n}\n<\/style>\n    <\/div><!-- text-box -->\n \n\n        <\/div><!-- .banner-layers -->\n      <\/div><!-- .banner-inner -->\n\n            \n<style scope=\"scope\">\n\n#banner-291973403 {\n  padding-top: 301px;\n}\n#banner-291973403 .bg.bg-loaded {\n  background-image: url(https:\/\/yapadu.es\/wp-content\/uploads\/2025\/09\/RET_DAN2402-1024x681.jpg);\n}\n#banner-291973403 .bg {\n  background-position: 4% 70%;\n}\n<\/style>\n  <\/div><!-- .banner -->\n\n\n\n<\/div><\/div>\n\n\n<style scope=\"scope\">\n\n<\/style>\n<\/div>\n\n\t\t<\/div><!-- .section-content -->\n\n\t\t\n<style scope=\"scope\">\n\n#section_684783276 {\n  padding-top: 30px;\n  padding-bottom: 30px;\n}\n<\/style>\n\t<\/section>\n\t\n<div id=\"bio-kabul\"\n    class=\"lightbox-by-id lightbox-content mfp-hide lightbox-white\"\n    style=\"max-width:800px ;padding:30px\">\n    \n<h3 style=\"margin:0 0 6px\">KABUL<\/h3>\n<p style=\"color:#666;margin:0 0 16px\"> Creaci\u00f3n de Ros\u00e1ngeles Valls y Rodolf Sirera, una pieza de danza que aborda la situaci\u00f3n de las mujeres afganas, en la l\u00ednea de Ananda Dansa. Este espect\u00e1culo fue nominado a tres premios del IVC de las Artes Esc\u00e9nicas, obteniendo dos galardones. Producci\u00f3n delegada de San Miguel de los Reyes <\/p>\n<\/div>\n\n\n<div id=\"bio-kailo\"\n    class=\"lightbox-by-id lightbox-content mfp-hide lightbox-white\"\n    style=\"max-width:800px ;padding:30px\">\n    \n<h3 style=\"margin:0 0 6px\">KAILO<\/h3>\n<p style=\"color:#666;margin:0 0 16px\">Informaci\u00f3n ampliada<\/p>\n<p>Espect\u00e1culo de danza para p\u00fablico infantil, dirigido por Yoshua Cienfuegos.<\/p>\n<\/div>\n\n\n<div id=\"bio-transmutacions\"\n    class=\"lightbox-by-id lightbox-content mfp-hide lightbox-white\"\n    style=\"max-width:800px ;padding:30px\">\n    \n<h3 style=\"margin:0 0 6px\">TRANSMUTACIONS<\/h3>\n<p style=\"color:#666;margin:0 0 16px\">Un concierto de c\u00e1mara dirigido por Pep Llopis que homenajea las piezas del maestro Cavanilles. Producci\u00f3n delegada de San Miguel de los Reyes (Direcci\u00f3n General de cultura de la Generalitat Valenciana).<\/p>\n<\/div>\n\n\n<div id=\"bio-musica-empresonada\"\n    class=\"lightbox-by-id lightbox-content mfp-hide lightbox-white\"\n    style=\"max-width:800px ;padding:30px\">\n    \n<h3 style=\"margin:0 0 6px\">M\u00daSICA EMPRESONADA<\/h3>\n<p style=\"color:#666;margin:0 0 16px\">Escrita por Toni Tordera y Juanjo Prats, una obra que reflexiona sobre los m\u00fasicos que fueron presos en el Monasterio tras la Guerra Civil Espa\u00f1ola. Producci\u00f3n delegada de San Miguel de los Reyes (Direcci\u00f3n General de cultura de la Generalitat Valenciana).<\/p>\n<\/div>","protected":false},"excerpt":{"rendered":"","protected":false},"author":1,"featured_media":0,"parent":0,"menu_order":0,"comment_status":"closed","ping_status":"closed","template":"page-blank.php","meta":{"footnotes":""},"class_list":["post-1227","page","type-page","status-publish","hentry"],"_links":{"self":[{"href":"https:\/\/yapadu.es\/ca\/wp-json\/wp\/v2\/pages\/1227","targetHints":{"allow":["GET"]}}],"collection":[{"href":"https:\/\/yapadu.es\/ca\/wp-json\/wp\/v2\/pages"}],"about":[{"href":"https:\/\/yapadu.es\/ca\/wp-json\/wp\/v2\/types\/page"}],"author":[{"embeddable":true,"href":"https:\/\/yapadu.es\/ca\/wp-json\/wp\/v2\/users\/1"}],"replies":[{"embeddable":true,"href":"https:\/\/yapadu.es\/ca\/wp-json\/wp\/v2\/comments?post=1227"}],"version-history":[{"count":62,"href":"https:\/\/yapadu.es\/ca\/wp-json\/wp\/v2\/pages\/1227\/revisions"}],"predecessor-version":[{"id":1584,"href":"https:\/\/yapadu.es\/ca\/wp-json\/wp\/v2\/pages\/1227\/revisions\/1584"}],"wp:attachment":[{"href":"https:\/\/yapadu.es\/ca\/wp-json\/wp\/v2\/media?parent=1227"}],"curies":[{"name":"wp","href":"https:\/\/api.w.org\/{rel}","templated":true}]}}