{"id":1537,"date":"2025-09-12T08:02:11","date_gmt":"2025-09-12T08:02:11","guid":{"rendered":"https:\/\/yapadu.es\/?page_id=1537"},"modified":"2025-09-16T08:42:43","modified_gmt":"2025-09-16T08:42:43","slug":"padre-nuestro","status":"publish","type":"page","link":"https:\/\/yapadu.es\/ca\/padre-nuestro\/","title":{"rendered":"PADRE NUESTRO"},"content":{"rendered":"<section class=\"section\" id=\"section_1348019172\">\n\t\t<div class=\"bg section-bg fill bg-fill  bg-loaded\" >\n\n\t\t\t\n\t\t\t\n\t\t\t\n\n\t\t<\/div><!-- .section-bg -->\n\n\t\t<div class=\"section-content relative\">\n\t\t\t\n\n<a href=\"https:\/\/yapadu.es\/ca\/\" target=\"_self\" class=\"button primary\"  >\n  <i class=\"icon-angle-left\" ><\/i>  <span>volver a inicio<\/span>\n  <\/a>\n\n\n<div class=\"row\"  id=\"row-1549284675\">\n\n<div class=\"col medium-6 small-12 large-6\"  ><div class=\"col-inner\"  >\n\n<h2 class=\"uppercase\"><span style=\"font-size: 230%; color: #ffffff;\" data-line-height=\"l\"><strong>PARE <br \/>NOSTRE<\/strong><\/span><\/h2>\n\t<div class=\"img has-hover x md-x lg-x y md-y lg-y\" id=\"image_820325654\">\n\t\t\t\t\t\t\t\t<div class=\"img-inner dark\" >\n\t\t\t<img loading=\"lazy\" decoding=\"async\" width=\"978\" height=\"1024\" src=\"https:\/\/yapadu.es\/wp-content\/uploads\/2025\/09\/PADRE-NUESTRO-1-978x1024.jpeg\" class=\"attachment-large size-large\" alt=\"\" srcset=\"https:\/\/yapadu.es\/wp-content\/uploads\/2025\/09\/PADRE-NUESTRO-1-978x1024.jpeg 978w, https:\/\/yapadu.es\/wp-content\/uploads\/2025\/09\/PADRE-NUESTRO-1-286x300.jpeg 286w, https:\/\/yapadu.es\/wp-content\/uploads\/2025\/09\/PADRE-NUESTRO-1-768x804.jpeg 768w, https:\/\/yapadu.es\/wp-content\/uploads\/2025\/09\/PADRE-NUESTRO-1.jpeg 1061w\" sizes=\"auto, (max-width: 978px) 100vw, 978px\" \/>\t\t\t\t\t\t\n\t\t\t\t\t<\/div>\n\t\t\t\t\t\t\t\t\n<style scope=\"scope\">\n\n#image_820325654 {\n  width: 54%;\n}\n<\/style>\n\t<\/div>\n\t\n\n\n<\/div><\/div>\n<div class=\"col medium-6 small-12 large-6\"  ><div class=\"col-inner\"  >\n\n<p><span style=\"font-size: 120%;\"><span style=\"color: #c0c0c0;\">\u00abPare Nostre\u00bb \u00e9s una pe\u00e7a de dansa contempor\u00e0nia que es presenta com una cerim\u00f2nia esc\u00e8nica, un poema *coreografiado que interpel\u00b7la a l'espectador des de l'emoci\u00f3 i la mem\u00f2ria. <\/span><\/span><\/p>\n<p><span style=\"font-size: 120%;\"><span style=\"color: #c0c0c0;\">Inspirada en la figura de Federico Garc\u00eda Lorca i en les circumst\u00e0ncies del seu assassinat en 1936, l'obra es convertix en un homenatge als qui han sigut silenciats per la seua identitat i pensament.<\/span><\/span><\/p>\n<p><span style=\"font-size: 120%;\"><span style=\"color: #c0c0c0;\">La proposta investiga la hist\u00f2ria oculta de la dissid\u00e8ncia a Espanya, connectant el passat amb el present, en un context on els drets i llibertats aconseguits comencen a q\u00fcestionar-se. <\/span><\/span><\/p>\n<p><span style=\"font-size: 120%;\"><span style=\"color: #c0c0c0;\">A trav\u00e9s d'una narrativa de moviment carregada de veritat, hist\u00f2ria i elements simb\u00f2lics. L'obra sacseja les nostres consci\u00e8ncies i provoca la reflexi\u00f3.<\/span><\/span><\/p>\n\n<\/div><\/div>\n\n<\/div>\n\n\t\t<\/div><!-- .section-content -->\n\n\t\t\n<style scope=\"scope\">\n\n#section_1348019172 {\n  padding-top: 30px;\n  padding-bottom: 30px;\n  background-color: rgb(0,0,0);\n}\n<\/style>\n\t<\/section>\n\t\n\t<section class=\"section\" id=\"section_632495169\">\n\t\t<div class=\"bg section-bg fill bg-fill  bg-loaded\" >\n\n\t\t\t\n\t\t\t\n\t\t\t\n\n\t\t<\/div><!-- .section-bg -->\n\n\t\t<div class=\"section-content relative\">\n\t\t\t\n\n\n  <div class=\"banner has-hover\" id=\"banner-235270188\">\n          <div class=\"banner-inner fill\">\n        <div class=\"banner-bg fill\" >\n            <div class=\"bg fill bg-fill\"><\/div>\n                                    \n                    <\/div><!-- bg-layers -->\n        <div class=\"banner-layers container\">\n            <div class=\"fill banner-link\"><\/div>            \n\n\n        <\/div><!-- .banner-layers -->\n      <\/div><!-- .banner-inner -->\n\n            \n<style scope=\"scope\">\n\n#banner-235270188 {\n  padding-top: 600px;\n}\n#banner-235270188 .bg.bg-loaded {\n  background-image: url(https:\/\/yapadu.es\/wp-content\/uploads\/2025\/09\/DSC09163a-1024x683.png);\n}\n#banner-235270188 .bg {\n  background-position: 45% 34%;\n}\n<\/style>\n  <\/div><!-- .banner -->\n\n\n\n\t\t<\/div><!-- .section-content -->\n\n\t\t\n<style scope=\"scope\">\n\n#section_632495169 {\n  padding-top: 30px;\n  padding-bottom: 30px;\n}\n<\/style>\n\t<\/section>\n\t\n\t<section class=\"section\" id=\"section_576974106\">\n\t\t<div class=\"bg section-bg fill bg-fill  bg-loaded\" >\n\n\t\t\t\n\t\t\t\n\t\t\t\n\n\t\t<\/div><!-- .section-bg -->\n\n\t\t<div class=\"section-content relative\">\n\t\t\t\n\n<div class=\"row\"  id=\"row-818429052\">\n\n<div class=\"col medium-4 small-12 large-4\"  ><div class=\"col-inner\"  >\n\n<h1 class=\"uppercase\" data-padding=\"5px\"><span style=\"font-size: 160%; color: #ed1c24;\"><strong>FITXA ART\u00cdSTICA<\/strong><\/span><\/h1>\n\t<div id=\"gap-1586646089\" class=\"gap-element clearfix\" style=\"display:block; height:auto;\">\n\t\t\n<style scope=\"scope\">\n\n#gap-1586646089 {\n  padding-top: 30px;\n}\n<\/style>\n\t<\/div>\n\t\n\n\t<div id=\"gap-198681689\" class=\"gap-element clearfix\" style=\"display:block; height:auto;\">\n\t\t\n<style scope=\"scope\">\n\n#gap-198681689 {\n  padding-top: 30px;\n}\n<\/style>\n\t<\/div>\n\t\n\n<div class=\"is-divider divider clearfix\" style=\"margin-top:-1.7em;margin-bottom:-1.7em;max-width:291px;background-color:rgb(243, 26, 26);\"><\/div><!-- .divider -->\n\n\t<div class=\"img has-hover x md-x lg-x y md-y lg-y\" id=\"image_664390070\">\n\t\t\t\t\t\t\t\t<div class=\"img-inner dark\" >\n\t\t\t<img loading=\"lazy\" decoding=\"async\" width=\"1020\" height=\"680\" src=\"https:\/\/yapadu.es\/wp-content\/uploads\/2025\/09\/DSC09137a-1024x683.jpg\" class=\"attachment-large size-large\" alt=\"\" srcset=\"https:\/\/yapadu.es\/wp-content\/uploads\/2025\/09\/DSC09137a-1024x683.jpg 1024w, https:\/\/yapadu.es\/wp-content\/uploads\/2025\/09\/DSC09137a-300x200.jpg 300w, https:\/\/yapadu.es\/wp-content\/uploads\/2025\/09\/DSC09137a-768x512.jpg 768w, https:\/\/yapadu.es\/wp-content\/uploads\/2025\/09\/DSC09137a-1536x1024.jpg 1536w, https:\/\/yapadu.es\/wp-content\/uploads\/2025\/09\/DSC09137a-2048x1365.jpg 2048w\" sizes=\"auto, (max-width: 1020px) 100vw, 1020px\" \/>\t\t\t\t\t\t\n\t\t\t\t\t<\/div>\n\t\t\t\t\t\t\t\t\n<style scope=\"scope\">\n\n#image_664390070 {\n  width: 100%;\n}\n<\/style>\n\t<\/div>\n\t\n\n<div class=\"is-divider divider clearfix\" style=\"margin-top:-9.3em;margin-bottom:-9.3em;height:0px;\"><\/div><!-- .divider -->\n\n\n<\/div><\/div>\n<div class=\"col medium-5 small-12 large-5\"  ><div class=\"col-inner\"  >\n\n<p class=\"data-line-height=\" data-line-height=\"xl\"><span style=\"font-size: 110%; color: #c0c0c0;\">DIRECCI\u00d3N GENERAL E IDEA ORIGINAL: Edu Migro<\/span><\/p>\n<p class=\"data-line-height=\" data-line-height=\"xl\"><span style=\"font-size: 110%; color: #c0c0c0;\">DRAMATURGIA: Javier Sahuquillo<\/span><\/p>\n<p class=\"data-line-height=\" data-line-height=\"xl\"><span style=\"font-size: 110%; color: #c0c0c0;\">INT\u00c9RPRETACI\u00d3N: Edu Migro y Ra\u00fal Lled\u00f3<\/span><\/p>\n<p class=\"data-line-height=\" data-line-height=\"xl\"><span style=\"font-size: 110%; color: #c0c0c0;\">ESCENOGRAF\u00cdA: Heidi Prada<\/span><\/p>\n<p class=\"data-line-height=\" data-line-height=\"xl\"><span style=\"font-size: 110%; color: #c0c0c0;\">VESTURARIO: Modis Studio, Satanasa<\/span><\/p>\n<p class=\"data-line-height=\" data-line-height=\"xl\"><span style=\"font-size: 110%; color: #c0c0c0;\">M\u00daSICA: Manel Ferr\u00e1ndiz<\/span><\/p>\n<p class=\"data-line-height=\" data-line-height=\"xl\"><span style=\"font-size: 110%; color: #c0c0c0;\">ILUMINACI\u00d3N: Pablo Fern\u00e1ndez<\/span><\/p>\n<p><span style=\"font-size: 110%; color: #c0c0c0;\">SONIDO: Eduardo Soriano<\/span><\/p>\n\n<\/div><\/div>\n\n<\/div>\n\n\t\t<\/div><!-- .section-content -->\n\n\t\t\n<style scope=\"scope\">\n\n#section_576974106 {\n  padding-top: 30px;\n  padding-bottom: 30px;\n  background-color: rgb(0, 0, 0);\n}\n<\/style>\n\t<\/section>","protected":false},"excerpt":{"rendered":"","protected":false},"author":1,"featured_media":0,"parent":0,"menu_order":0,"comment_status":"closed","ping_status":"closed","template":"page-blank.php","meta":{"footnotes":""},"class_list":["post-1537","page","type-page","status-publish","hentry"],"_links":{"self":[{"href":"https:\/\/yapadu.es\/ca\/wp-json\/wp\/v2\/pages\/1537","targetHints":{"allow":["GET"]}}],"collection":[{"href":"https:\/\/yapadu.es\/ca\/wp-json\/wp\/v2\/pages"}],"about":[{"href":"https:\/\/yapadu.es\/ca\/wp-json\/wp\/v2\/types\/page"}],"author":[{"embeddable":true,"href":"https:\/\/yapadu.es\/ca\/wp-json\/wp\/v2\/users\/1"}],"replies":[{"embeddable":true,"href":"https:\/\/yapadu.es\/ca\/wp-json\/wp\/v2\/comments?post=1537"}],"version-history":[{"count":11,"href":"https:\/\/yapadu.es\/ca\/wp-json\/wp\/v2\/pages\/1537\/revisions"}],"predecessor-version":[{"id":1592,"href":"https:\/\/yapadu.es\/ca\/wp-json\/wp\/v2\/pages\/1537\/revisions\/1592"}],"wp:attachment":[{"href":"https:\/\/yapadu.es\/ca\/wp-json\/wp\/v2\/media?parent=1537"}],"curies":[{"name":"wp","href":"https:\/\/api.w.org\/{rel}","templated":true}]}}