{"id":188,"date":"2020-01-21T15:53:16","date_gmt":"2020-01-21T15:53:16","guid":{"rendered":"https:\/\/yapadu.es\/?page_id=188"},"modified":"2025-09-16T08:41:26","modified_gmt":"2025-09-16T08:41:26","slug":"instalaciones-danza-y-teatro","status":"publish","type":"page","link":"https:\/\/yapadu.es\/ca\/instalaciones-danza-y-teatro\/","title":{"rendered":"Instalacions Dansa y Teatre"},"content":{"rendered":"<div class=\"banner has-hover\" id=\"banner-820027261\">\n          <div class=\"banner-inner fill\">\n        <div class=\"banner-bg fill\" >\n            <div class=\"bg fill bg-fill\"><\/div>\n                                    \n                    <\/div><!-- bg-layers -->\n        <div class=\"banner-layers container\">\n            <div class=\"fill banner-link\"><\/div>            \n\n   <div id=\"text-box-369816447\" class=\"text-box banner-layer x50 md-x50 lg-x50 y30 md-y30 lg-y30 res-text\">\n                                <div class=\"text\">\n              \n              <div class=\"text-inner text-center\">\n                  \n\n\t<div class=\"img has-hover x md-x lg-x y md-y lg-y\" id=\"image_2018119337\">\n\t\t\t\t\t\t\t\t<div class=\"img-inner dark\" >\n\t\t\t<img loading=\"lazy\" decoding=\"async\" width=\"100\" height=\"100\" src=\"https:\/\/yapadu.es\/wp-content\/uploads\/2020\/01\/yapadu-instalaciones-danza-y-teatro.png\" class=\"attachment-original size-original\" alt=\"\" \/>\t\t\t\t\t\t\n\t\t\t\t\t<\/div>\n\t\t\t\t\t\t\t\t\n<style scope=\"scope\">\n\n#image_2018119337 {\n  width: 20%;\n}\n\n\n@media (min-width:550px) {\n\n  #image_2018119337 {\n    width: 100%;\n  }\n\n}\n<\/style>\n\t<\/div>\n\t\n\n\n              <\/div>\n           <\/div><!-- text-box-inner -->\n                            \n<style scope=\"scope\">\n\n#text-box-369816447 .text-inner {\n  padding: 0 0px 0px 0px;\n}\n#text-box-369816447 {\n  width: 84%;\n}\n#text-box-369816447 .text {\n  font-size: 100%;\n}\n\n\n@media (min-width:550px) {\n\n  #text-box-369816447 {\n    width: 8%;\n  }\n\n}\n<\/style>\n    <\/div><!-- text-box -->\n \n   <div id=\"text-box-301195585\" class=\"text-box banner-layer x50 md-x50 lg-x50 y90 md-y85 lg-y85 res-text\">\n                                <div class=\"text\">\n              \n              <div class=\"text-inner text-left\">\n                  \n\n<h2 class=\"uppercase\" style=\"text-align: center;\"><span style=\"font-size: 120%; color: #ffffff;\">INSTALACIONES DE <strong>DANZA Y TEATRO<\/strong><\/span><\/h2>\n<p style=\"text-align: center;\"><span style=\"font-size: 140%;\"><span style=\"color: #c0c0c0;\"><strong>Yapad\u00fa Produccions<\/strong> oferix a ajuntaments i teatres privats els seus servicis per a reformar els seus teatres o ampliar la seua dotaci\u00f3 t\u00e8cnica.<\/span><br \/><\/span><\/p>\n\n              <\/div>\n           <\/div><!-- text-box-inner -->\n                            \n<style scope=\"scope\">\n\n#text-box-301195585 {\n  width: 89%;\n}\n#text-box-301195585 .text {\n  font-size: 100%;\n}\n\n\n@media (min-width:550px) {\n\n  #text-box-301195585 {\n    width: 78%;\n  }\n\n}\n<\/style>\n    <\/div><!-- text-box -->\n \n\n        <\/div><!-- .banner-layers -->\n      <\/div><!-- .banner-inner -->\n\n            \n<style scope=\"scope\">\n\n#banner-820027261 {\n  padding-top: 500px;\n  background-color: rgb(23, 23, 23);\n}\n\n\n@media (min-width:550px) {\n\n  #banner-820027261 {\n    padding-top: 480px;\n  }\n\n}\n<\/style>\n  <\/div><!-- .banner -->\n\n\n<a href=\"https:\/\/yapadu.es\/ca\/\" target=\"_self\" class=\"button primary\"  >\n  <i class=\"icon-angle-left\" ><\/i>  <span>volver a inicio<\/span>\n  <\/a>\n\n\n<div class=\"row row-collapse row-full-width\"  id=\"row-1826732487\">\n\n<div class=\"col medium-3 small-12 large-3\"  ><div class=\"col-inner\"  >\n\n\n  <div class=\"banner has-hover\" id=\"banner-1471345147\">\n          <div class=\"banner-inner fill\">\n        <div class=\"banner-bg fill\" >\n            <div class=\"bg fill bg-fill\"><\/div>\n                                    \n                    <\/div><!-- bg-layers -->\n        <div class=\"banner-layers container\">\n            <div class=\"fill banner-link\"><\/div>            \n\n\n        <\/div><!-- .banner-layers -->\n      <\/div><!-- .banner-inner -->\n\n            \n<style scope=\"scope\">\n\n#banner-1471345147 {\n  padding-top: 400px;\n}\n#banner-1471345147 .bg.bg-loaded {\n  background-image: url(https:\/\/yapadu.es\/wp-content\/uploads\/2020\/01\/CONSERVATORIO-DE-ARTE-DRM\u00c1TICO.jpg);\n}\n<\/style>\n  <\/div><!-- .banner -->\n\n\n\n<\/div><\/div>\n<div class=\"col medium-3 small-12 large-3\"  ><div class=\"col-inner\"  >\n\n\n  <div class=\"banner has-hover\" id=\"banner-1205473051\">\n          <div class=\"banner-inner fill\">\n        <div class=\"banner-bg fill\" >\n            <div class=\"bg fill bg-fill\"><\/div>\n                                    \n                    <\/div><!-- bg-layers -->\n        <div class=\"banner-layers container\">\n            <div class=\"fill banner-link\"><\/div>            \n\n\n        <\/div><!-- .banner-layers -->\n      <\/div><!-- .banner-inner -->\n\n            \n<style scope=\"scope\">\n\n#banner-1205473051 {\n  padding-top: 400px;\n}\n#banner-1205473051 .bg.bg-loaded {\n  background-image: url(https:\/\/yapadu.es\/wp-content\/uploads\/2020\/01\/alquiler-suelo-linolium-yapadu-producciones.jpg);\n}\n<\/style>\n  <\/div><!-- .banner -->\n\n\n\n<\/div><\/div>\n<div class=\"col medium-3 small-12 large-3\"  ><div class=\"col-inner\"  >\n\n\n  <div class=\"banner has-hover\" id=\"banner-455440766\">\n          <div class=\"banner-inner fill\">\n        <div class=\"banner-bg fill\" >\n            <div class=\"bg fill bg-fill\"><\/div>\n                                    \n                    <\/div><!-- bg-layers -->\n        <div class=\"banner-layers container\">\n            <div class=\"fill banner-link\"><\/div>            \n\n\n        <\/div><!-- .banner-layers -->\n      <\/div><!-- .banner-inner -->\n\n            \n<style scope=\"scope\">\n\n#banner-455440766 {\n  padding-top: 400px;\n}\n#banner-455440766 .bg.bg-loaded {\n  background-image: url(https:\/\/yapadu.es\/wp-content\/uploads\/2020\/01\/estudio-21.jpg);\n}\n#banner-455440766 .bg {\n  background-position: 10%50%;\n}\n<\/style>\n  <\/div><!-- .banner -->\n\n\n\n<\/div><\/div>\n<div class=\"col medium-3 small-12 large-3\"  ><div class=\"col-inner\"  >\n\n\n  <div class=\"banner has-hover\" id=\"banner-650596652\">\n          <div class=\"banner-inner fill\">\n        <div class=\"banner-bg fill\" >\n            <div class=\"bg fill bg-fill\"><\/div>\n                                    \n                    <\/div><!-- bg-layers -->\n        <div class=\"banner-layers container\">\n            <div class=\"fill banner-link\"><\/div>            \n\n\n        <\/div><!-- .banner-layers -->\n      <\/div><!-- .banner-inner -->\n\n            \n<style scope=\"scope\">\n\n#banner-650596652 {\n  padding-top: 400px;\n}\n#banner-650596652 .bg.bg-loaded {\n  background-image: url(https:\/\/yapadu.es\/wp-content\/uploads\/2020\/01\/instalaciones-danza-teatro.jpg);\n}\n#banner-650596652 .bg {\n  background-position: 10%50%;\n}\n<\/style>\n  <\/div><!-- .banner -->\n\n\n\n<\/div><\/div>\n<div class=\"col medium-3 small-12 large-3\"  ><div class=\"col-inner\"  >\n\n\n<\/div><\/div>\n\n\n<style scope=\"scope\">\n\n<\/style>\n<\/div>\n<div class=\"row row-collapse row-full-width\"  id=\"row-1595228266\">\n\n<div class=\"col medium-6 small-12 large-6\"  ><div class=\"col-inner\"  >\n\n\n  <div class=\"banner has-hover\" id=\"banner-1699810188\">\n          <div class=\"banner-inner fill\">\n        <div class=\"banner-bg fill\" >\n            <div class=\"bg fill bg-fill\"><\/div>\n                                    \n                    <\/div><!-- bg-layers -->\n        <div class=\"banner-layers container\">\n            <div class=\"fill banner-link\"><\/div>            \n\n   <div id=\"text-box-1960146028\" class=\"text-box banner-layer x50 md-x50 lg-x50 y50 md-y50 lg-y50 res-text\">\n                                <div class=\"text dark\">\n              \n              <div class=\"text-inner text-center\">\n                  \n\n<h3 style=\"text-align: left;\"><strong>Conservatori de Dansa de Val\u00e8ncia i ESAD<\/strong><\/h3>\n<p style=\"text-align: left;\"><span style=\"font-size: 120%;\">Yapad\u00fa Produccions instal\u00f3 en el&nbsp;<strong>Conservatorio Superior y Profesional de Valencia<\/strong>, y en la&nbsp;<strong>Escuela Superior de Arte Dram\u00e1tico<\/strong>, el suelo de 12 aulas para danza y teatro. Para ello hizo un estudio avalado por profesionales de la danza y fisioterapeutas, y cont\u00f3 con la ayuda de la&nbsp;<strong>Universidad Polit\u00e9cnica de Valencia<\/strong>.<\/span><\/p>\n<p style=\"text-align: left;\"><span style=\"font-size: 120%;\">\u00c9s un s\u00f2l que evita lesions de ballarins ja que est\u00e0 creat espec\u00edficament per a aix\u00f2. Les terminacions s\u00f3n en lin\u00f2leum gris o negre per a dansa i directament sobre la fusta o pintada en negre. Estes aules es van fer en 2010. Deu anys despr\u00e9s el Conservatori continua gaudint de la instal\u00b7laci\u00f3 sense haver patit cap lesi\u00f3 ni desperfecte en cap de les seues aules.<\/span><\/p>\n\n              <\/div>\n           <\/div><!-- text-box-inner -->\n                            \n<style scope=\"scope\">\n\n#text-box-1960146028 {\n  width: 78%;\n}\n#text-box-1960146028 .text {\n  font-size: 140%;\n}\n\n\n@media (min-width:550px) {\n\n  #text-box-1960146028 {\n    width: 66%;\n  }\n\n}\n<\/style>\n    <\/div><!-- text-box -->\n \n\n        <\/div><!-- .banner-layers -->\n      <\/div><!-- .banner-inner -->\n\n            \n<style scope=\"scope\">\n\n#banner-1699810188 {\n  padding-top: 540px;\n  background-color: rgb(0,0,0);\n}\n\n\n@media (min-width:550px) {\n\n  #banner-1699810188 {\n    padding-top: 400px;\n  }\n\n}\n<\/style>\n  <\/div><!-- .banner -->\n\n\n\n<\/div><\/div>\n<div class=\"col medium-6 small-12 large-6\"  ><div class=\"col-inner\"  >\n\n\n  <div class=\"banner has-hover\" id=\"banner-659981797\">\n          <div class=\"banner-inner fill\">\n        <div class=\"banner-bg fill\" >\n            <div class=\"bg fill bg-fill\"><\/div>\n                                    \n                    <\/div><!-- bg-layers -->\n        <div class=\"banner-layers container\">\n            <div class=\"fill banner-link\"><\/div>            \n\n   <div id=\"text-box-1022367709\" class=\"text-box banner-layer x50 md-x50 lg-x50 y50 md-y50 lg-y50 res-text\">\n                                <div class=\"text dark\">\n              \n              <div class=\"text-inner text-center\">\n                  \n\n<h3 style=\"text-align: left;\"><strong>Instalacions t\u00e9cniques en teatres<\/strong><\/h3>\n<p style=\"text-align: left;\"><span style=\"font-size: 120%;\">Son muchos los teatros que han solicitado nuestros servicios para la&nbsp;<strong>ampliaci\u00f3n o reparaci\u00f3n de sus instalaciones<\/strong>. Contamos con una gran experiencia en este campo.<\/span><\/p>\n<p style=\"text-align: left;\"><span style=\"font-size: 120%;\">Realitzem des d'avaries puntuals a reformes integrals com la que realitzem per a l'Ajuntament de Foios en la qual l'antiga Casa de la Cultura de Foios va ser derrocada, construint-se un teatre modern i de qualitat excel\u00b7lent.&nbsp;<strong>Yapad\u00fa Produccions<\/strong>&nbsp;es va encarregar de tota la instal\u00b7laci\u00f3 i dotaci\u00f3 t\u00e8cnica. Es van instal\u00b7lar 9 vares motoritzades en escenari + un frontal i el s\u00f2l d'escenari.<\/span><\/p>\n\n              <\/div>\n           <\/div><!-- text-box-inner -->\n                            \n<style scope=\"scope\">\n\n#text-box-1022367709 {\n  width: 78%;\n}\n#text-box-1022367709 .text {\n  font-size: 140%;\n}\n\n\n@media (min-width:550px) {\n\n  #text-box-1022367709 {\n    width: 69%;\n  }\n\n}\n<\/style>\n    <\/div><!-- text-box -->\n \n\n        <\/div><!-- .banner-layers -->\n      <\/div><!-- .banner-inner -->\n\n            \n<style scope=\"scope\">\n\n#banner-659981797 {\n  padding-top: 500px;\n  background-color: rgb(12, 12, 12);\n}\n\n\n@media (min-width:550px) {\n\n  #banner-659981797 {\n    padding-top: 400px;\n  }\n\n}\n<\/style>\n  <\/div><!-- .banner -->\n\n\n\n<\/div><\/div>\n\n\n<style scope=\"scope\">\n\n<\/style>\n<\/div>\n\n  <div class=\"banner has-hover\" id=\"banner-1167926127\">\n          <div class=\"banner-inner fill\">\n        <div class=\"banner-bg fill\" >\n            <div class=\"bg fill bg-fill\"><\/div>\n                                    \n                    <\/div><!-- bg-layers -->\n        <div class=\"banner-layers container\">\n            <div class=\"fill banner-link\"><\/div>            \n\n   <div id=\"text-box-391412068\" class=\"text-box banner-layer x50 md-x50 lg-x50 y50 md-y50 lg-y50 res-text\">\n                                <div class=\"text dark\">\n              \n              <div class=\"text-inner text-center\">\n                  \n\n\t<div id=\"gap-345169843\" class=\"gap-element clearfix\" style=\"display:block; height:auto;\">\n\t\t\n<style scope=\"scope\">\n\n#gap-345169843 {\n  padding-top: 10px;\n}\n<\/style>\n\t<\/div>\n\t\n\n<h2><span style=\"font-size: 85%;\"><strong>Necessites m\u00e9s informaci\u00f3 sobre els nostres servicis?<\/strong><\/span><\/h2>\n\t<div id=\"gap-1818601623\" class=\"gap-element clearfix\" style=\"display:block; height:auto;\">\n\t\t\n<style scope=\"scope\">\n\n#gap-1818601623 {\n  padding-top: 10px;\n}\n<\/style>\n\t<\/div>\n\t\n\n<a href=\"\/ca\/contacto\/\" target=\"_self\" class=\"button white is-outline\"  style=\"border-radius:99px;\">\n    <span>contacta'ns<\/span>\n  <\/a>\n\n\n\n              <\/div>\n           <\/div><!-- text-box-inner -->\n                            \n<style scope=\"scope\">\n\n#text-box-391412068 {\n  width: 75%;\n}\n#text-box-391412068 .text {\n  font-size: 100%;\n}\n<\/style>\n    <\/div><!-- text-box -->\n \n\n        <\/div><!-- .banner-layers -->\n      <\/div><!-- .banner-inner -->\n\n            \n<style scope=\"scope\">\n\n#banner-1167926127 {\n  padding-top: 200px;\n  background-color: #e00024;\n}\n\n\n@media (min-width:550px) {\n\n  #banner-1167926127 {\n    padding-top: 200px;\n  }\n\n}\n<\/style>\n  <\/div><!-- .banner -->\n\n\n\n<div class=\"row\"  id=\"row-1723330471\">\n\n<div class=\"col medium-4 small-12 large-4\"  ><div class=\"col-inner\"  >\n\n\n<\/div><\/div>\n<div class=\"col medium-4 small-12 large-4\"  ><div class=\"col-inner\"  >\n\n\n<\/div><\/div>\n<div class=\"col medium-4 small-12 large-4\"  ><div class=\"col-inner\"  >\n\n\n<\/div><\/div>\n\n<\/div>","protected":false},"excerpt":{"rendered":"","protected":false},"author":1,"featured_media":0,"parent":0,"menu_order":0,"comment_status":"closed","ping_status":"closed","template":"page-transparent-header-light.php","meta":{"footnotes":""},"class_list":["post-188","page","type-page","status-publish","hentry"],"_links":{"self":[{"href":"https:\/\/yapadu.es\/ca\/wp-json\/wp\/v2\/pages\/188","targetHints":{"allow":["GET"]}}],"collection":[{"href":"https:\/\/yapadu.es\/ca\/wp-json\/wp\/v2\/pages"}],"about":[{"href":"https:\/\/yapadu.es\/ca\/wp-json\/wp\/v2\/types\/page"}],"author":[{"embeddable":true,"href":"https:\/\/yapadu.es\/ca\/wp-json\/wp\/v2\/users\/1"}],"replies":[{"embeddable":true,"href":"https:\/\/yapadu.es\/ca\/wp-json\/wp\/v2\/comments?post=188"}],"version-history":[{"count":26,"href":"https:\/\/yapadu.es\/ca\/wp-json\/wp\/v2\/pages\/188\/revisions"}],"predecessor-version":[{"id":1590,"href":"https:\/\/yapadu.es\/ca\/wp-json\/wp\/v2\/pages\/188\/revisions\/1590"}],"wp:attachment":[{"href":"https:\/\/yapadu.es\/ca\/wp-json\/wp\/v2\/media?parent=188"}],"curies":[{"name":"wp","href":"https:\/\/api.w.org\/{rel}","templated":true}]}}