{"id":194,"date":"2020-01-21T16:01:46","date_gmt":"2020-01-21T16:01:46","guid":{"rendered":"https:\/\/yapadu.es\/?page_id=194"},"modified":"2026-02-12T00:06:18","modified_gmt":"2026-02-12T00:06:18","slug":"diseno-espacio-sonoro-e-iluminacion","status":"publish","type":"page","link":"https:\/\/yapadu.es\/ca\/diseno-espacio-sonoro-e-iluminacion\/","title":{"rendered":"Disseny espai sonor i il\u00b7luminaci\u00f3"},"content":{"rendered":"<div class=\"banner has-hover\" id=\"banner-1435141457\">\n          <div class=\"banner-inner fill\">\n        <div class=\"banner-bg fill\" >\n            <div class=\"bg fill bg-fill\"><\/div>\n                                    \n                    <\/div><!-- bg-layers -->\n        <div class=\"banner-layers container\">\n            <div class=\"fill banner-link\"><\/div>            \n\n   <div id=\"text-box-1720525623\" class=\"text-box banner-layer x50 md-x50 lg-x50 y25 md-y25 lg-y25 res-text\">\n                                <div class=\"text\">\n              \n              <div class=\"text-inner text-center\">\n                  \n\n\t<div class=\"img has-hover x md-x lg-x y md-y lg-y\" id=\"image_1118227369\">\n\t\t\t\t\t\t\t\t<div class=\"img-inner dark\" >\n\t\t\t<img loading=\"lazy\" decoding=\"async\" width=\"100\" height=\"100\" src=\"https:\/\/yapadu.es\/wp-content\/uploads\/2020\/01\/yapadu-diseno-espaco-sonoro-iluminacion-1.png\" class=\"attachment-original size-original\" alt=\"\" \/>\t\t\t\t\t\t\n\t\t\t\t\t<\/div>\n\t\t\t\t\t\t\t\t\n<style scope=\"scope\">\n\n#image_1118227369 {\n  width: 20%;\n}\n\n\n@media (min-width:550px) {\n\n  #image_1118227369 {\n    width: 100%;\n  }\n\n}\n<\/style>\n\t<\/div>\n\t\n\n\n              <\/div>\n           <\/div><!-- text-box-inner -->\n                            \n<style scope=\"scope\">\n\n#text-box-1720525623 .text-inner {\n  padding: 0 0px 0px 0px;\n}\n#text-box-1720525623 {\n  width: 84%;\n}\n#text-box-1720525623 .text {\n  font-size: 100%;\n}\n\n\n@media (min-width:550px) {\n\n  #text-box-1720525623 {\n    width: 8%;\n  }\n\n}\n<\/style>\n    <\/div><!-- text-box -->\n \n   <div id=\"text-box-1843823741\" class=\"text-box banner-layer x50 md-x50 lg-x50 y95 md-y95 lg-y95 res-text\">\n                                <div class=\"text\">\n              \n              <div class=\"text-inner text-left\">\n                  \n\n<h2 class=\"uppercase\" style=\"text-align: center\"><span style=\"font-size: 120%;color: #ffffff\">DISE\u00d1O ESPACIO <strong>SONORO E ILUMINACI\u00d3N<\/strong><\/span><\/h2>\n<p style=\"text-align: center\"><span style=\"font-size: 140%;color: #c0c0c0\">Yapad\u00fa dissenya, al costat de l'equip art\u00edstic l'espai sonor i il\u00b7luminaci\u00f3 que potencie l'obra a desenrotllar.<\/span><\/p>\n<p style=\"text-align: center\"><span style=\"font-size: 140%;color: #c0c0c0\">La llum i el so en la posada en escena ha de ser un gran potencial comunicatiu i expressiu per a qualsevol obra art\u00edstica. Quan s'aborda eixe m\u00f3n en un espectacle, com a part dels elements que conflu\u00efxen en la creaci\u00f3, la seua implicaci\u00f3 pren una part important tant des del punt de vista f\u00edsic com simb\u00f2lic.<\/span>.  <a href=\"https:\/\/ph7cms.com\/profile\/redqueen136\" target=\"_blank\">pornography redqueen136<\/a><\/p>\n\n              <\/div>\n           <\/div><!-- text-box-inner -->\n                            \n<style scope=\"scope\">\n\n#text-box-1843823741 {\n  width: 89%;\n}\n#text-box-1843823741 .text {\n  font-size: 100%;\n}\n\n\n@media (min-width:550px) {\n\n  #text-box-1843823741 {\n    width: 90%;\n  }\n\n}\n<\/style>\n    <\/div><!-- text-box -->\n \n\n        <\/div><!-- .banner-layers -->\n      <\/div><!-- .banner-inner -->\n\n            \n<style scope=\"scope\">\n\n#banner-1435141457 {\n  padding-top: 580px;\n  background-color: rgb(23, 23, 23);\n}\n\n\n@media (min-width:550px) {\n\n  #banner-1435141457 {\n    padding-top: 480px;\n  }\n\n}\n<\/style>\n  <\/div><!-- .banner -->\n\n\n<a href=\"https:\/\/yapadu.es\/ca\/\" target=\"_self\" class=\"button primary\"  >\n  <i class=\"icon-angle-left\" ><\/i>  <span>volver a inicio<\/span>\n  <\/a>\n\n\n<div class=\"row row-collapse row-full-width\"  id=\"row-1127324131\">\n\n<div class=\"col medium-3 small-12 large-3\"  ><div class=\"col-inner\"  >\n\n\n  <div class=\"banner has-hover\" id=\"banner-1399079636\">\n          <div class=\"banner-inner fill\">\n        <div class=\"banner-bg fill\" >\n            <div class=\"bg fill bg-fill\"><\/div>\n                                    \n                    <\/div><!-- bg-layers -->\n        <div class=\"banner-layers container\">\n            <div class=\"fill banner-link\"><\/div>            \n\n\n        <\/div><!-- .banner-layers -->\n      <\/div><!-- .banner-inner -->\n\n            \n<style scope=\"scope\">\n\n#banner-1399079636 {\n  padding-top: 440px;\n}\n#banner-1399079636 .bg.bg-loaded {\n  background-image: url(https:\/\/yapadu.es\/wp-content\/uploads\/2020\/01\/fallas-2.jpg);\n}\n<\/style>\n  <\/div><!-- .banner -->\n\n\n\n<\/div><\/div>\n<div class=\"col medium-3 small-12 large-3\"  ><div class=\"col-inner\"  >\n\n\n  <div class=\"banner has-hover\" id=\"banner-571001786\">\n          <div class=\"banner-inner fill\">\n        <div class=\"banner-bg fill\" >\n            <div class=\"bg fill bg-fill\"><\/div>\n                                    \n                    <\/div><!-- bg-layers -->\n        <div class=\"banner-layers container\">\n            <div class=\"fill banner-link\"><\/div>            \n\n\n        <\/div><!-- .banner-layers -->\n      <\/div><!-- .banner-inner -->\n\n            \n<style scope=\"scope\">\n\n#banner-571001786 {\n  padding-top: 440px;\n}\n#banner-571001786 .bg.bg-loaded {\n  background-image: url(https:\/\/yapadu.es\/wp-content\/uploads\/2020\/01\/inicio-slide-31-1024x821-1.jpg);\n}\n<\/style>\n  <\/div><!-- .banner -->\n\n\n\n<\/div><\/div>\n<div class=\"col medium-3 small-12 large-3\"  ><div class=\"col-inner\"  >\n\n\n  <div class=\"banner has-hover\" id=\"banner-1622122200\">\n          <div class=\"banner-inner fill\">\n        <div class=\"banner-bg fill\" >\n            <div class=\"bg fill bg-fill\"><\/div>\n                                    \n                    <\/div><!-- bg-layers -->\n        <div class=\"banner-layers container\">\n            <div class=\"fill banner-link\"><\/div>            \n\n\n        <\/div><!-- .banner-layers -->\n      <\/div><!-- .banner-inner -->\n\n            \n<style scope=\"scope\">\n\n#banner-1622122200 {\n  padding-top: 440px;\n}\n#banner-1622122200 .bg.bg-loaded {\n  background-image: url(https:\/\/yapadu.es\/wp-content\/uploads\/2020\/01\/dancing-las-vegas.jpg);\n}\n<\/style>\n  <\/div><!-- .banner -->\n\n\n\n<\/div><\/div>\n<div class=\"col medium-3 small-12 large-3\"  ><div class=\"col-inner\"  >\n\n\n  <div class=\"banner has-hover\" id=\"banner-986852064\">\n          <div class=\"banner-inner fill\">\n        <div class=\"banner-bg fill\" >\n            <div class=\"bg fill bg-fill\"><\/div>\n                                    \n                    <\/div><!-- bg-layers -->\n        <div class=\"banner-layers container\">\n            <div class=\"fill banner-link\"><\/div>            \n\n\n        <\/div><!-- .banner-layers -->\n      <\/div><!-- .banner-inner -->\n\n            \n<style scope=\"scope\">\n\n#banner-986852064 {\n  padding-top: 440px;\n}\n#banner-986852064 .bg.bg-loaded {\n  background-image: url(https:\/\/yapadu.es\/wp-content\/uploads\/2020\/01\/sagunt-a-escena_2.jpg);\n}\n#banner-986852064 .bg {\n  background-position: 10%50%;\n}\n<\/style>\n  <\/div><!-- .banner -->\n\n\n\n<\/div><\/div>\n\n\n<style scope=\"scope\">\n\n<\/style>\n<\/div>\n\n  <div class=\"banner has-hover\" id=\"banner-604019401\">\n          <div class=\"banner-inner fill\">\n        <div class=\"banner-bg fill\" >\n            <div class=\"bg fill bg-fill\"><\/div>\n                                    \n                    <\/div><!-- bg-layers -->\n        <div class=\"banner-layers container\">\n            <div class=\"fill banner-link\"><\/div>            \n\n   <div id=\"text-box-1792763306\" class=\"text-box banner-layer x50 md-x50 lg-x50 y50 md-y50 lg-y50 res-text\">\n                                <div class=\"text dark\">\n              \n              <div class=\"text-inner text-center\">\n                  \n\n\t<div id=\"gap-45748493\" class=\"gap-element clearfix\" style=\"display:block; height:auto;\">\n\t\t\n<style scope=\"scope\">\n\n#gap-45748493 {\n  padding-top: 10px;\n}\n<\/style>\n\t<\/div>\n\t\n\n<h2><span style=\"font-size: 85%;\"><strong>Necessites m\u00e9s informaci\u00f3 sobre els nostres servicis?<\/strong><\/span><\/h2>\n\t<div id=\"gap-1587667997\" class=\"gap-element clearfix\" style=\"display:block; height:auto;\">\n\t\t\n<style scope=\"scope\">\n\n#gap-1587667997 {\n  padding-top: 10px;\n}\n<\/style>\n\t<\/div>\n\t\n\n<a href=\"\/ca\/contacto\/\" target=\"_self\" class=\"button white is-outline\"  style=\"border-radius:99px;\">\n    <span>contacta'ns<\/span>\n  <\/a>\n\n\n\n              <\/div>\n           <\/div><!-- text-box-inner -->\n                            \n<style scope=\"scope\">\n\n#text-box-1792763306 {\n  width: 75%;\n}\n#text-box-1792763306 .text {\n  font-size: 100%;\n}\n<\/style>\n    <\/div><!-- text-box -->\n \n\n        <\/div><!-- .banner-layers -->\n      <\/div><!-- .banner-inner -->\n\n            \n<style scope=\"scope\">\n\n#banner-604019401 {\n  padding-top: 200px;\n  background-color: #e00024;\n}\n\n\n@media (min-width:550px) {\n\n  #banner-604019401 {\n    padding-top: 200px;\n  }\n\n}\n<\/style>\n  <\/div><!-- .banner -->","protected":false},"excerpt":{"rendered":"","protected":false},"author":1,"featured_media":0,"parent":0,"menu_order":0,"comment_status":"closed","ping_status":"closed","template":"page-transparent-header-light.php","meta":{"footnotes":""},"class_list":["post-194","page","type-page","status-publish","hentry"],"_links":{"self":[{"href":"https:\/\/yapadu.es\/ca\/wp-json\/wp\/v2\/pages\/194","targetHints":{"allow":["GET"]}}],"collection":[{"href":"https:\/\/yapadu.es\/ca\/wp-json\/wp\/v2\/pages"}],"about":[{"href":"https:\/\/yapadu.es\/ca\/wp-json\/wp\/v2\/types\/page"}],"author":[{"embeddable":true,"href":"https:\/\/yapadu.es\/ca\/wp-json\/wp\/v2\/users\/1"}],"replies":[{"embeddable":true,"href":"https:\/\/yapadu.es\/ca\/wp-json\/wp\/v2\/comments?post=194"}],"version-history":[{"count":0,"href":"https:\/\/yapadu.es\/ca\/wp-json\/wp\/v2\/pages\/194\/revisions"}],"wp:attachment":[{"href":"https:\/\/yapadu.es\/ca\/wp-json\/wp\/v2\/media?parent=194"}],"curies":[{"name":"wp","href":"https:\/\/api.w.org\/{rel}","templated":true}]}}