{"id":217,"date":"2020-01-21T17:07:18","date_gmt":"2020-01-21T17:07:18","guid":{"rendered":"https:\/\/yapadu.es\/?page_id=217"},"modified":"2025-09-16T08:40:01","modified_gmt":"2025-09-16T08:40:01","slug":"equipos-de-sonido-iluminacion-y-estructuras","status":"publish","type":"page","link":"https:\/\/yapadu.es\/ca\/equipos-de-sonido-iluminacion-y-estructuras\/","title":{"rendered":"Equips de so, il\u00b7luminaci\u00f3 i estructures"},"content":{"rendered":"<div class=\"banner has-hover\" id=\"banner-937639811\">\n          <div class=\"banner-inner fill\">\n        <div class=\"banner-bg fill\" >\n            <div class=\"bg fill bg-fill\"><\/div>\n                        <div class=\"overlay\"><\/div>            \n                    <\/div><!-- bg-layers -->\n        <div class=\"banner-layers container\">\n            <div class=\"fill banner-link\"><\/div>            \n\n   <div id=\"text-box-2110306484\" class=\"text-box banner-layer x50 md-x50 lg-x50 y95 md-y95 lg-y95 res-text\">\n                                <div class=\"text dark\">\n              \n              <div class=\"text-inner text-center\">\n                  \n\n<p class=\"uppercase\"><span style=\"font-size: 130%;\"><strong>ALQUILER<\/strong><\/span><\/p>\n<h1 class=\"uppercase\"><strong><span style=\"font-size: 130%; color: #f7f7f7;\">EQUIPOS SONIDO, ILUMINACI\u00d3N Y ESTRUCTURAS\u00a0<\/span><\/strong><\/h1>\n<p><span style=\"font-size: 140%;\">S\u00f3n moltes les companyies d'arts esc\u00e8niques, teatre i dansa que confien en Yapad\u00fa Produccions i posen les seues gires a les nostres mans. La sensibilitat i dedicaci\u00f3 que aportem en els seus espectacles i posades en escena fan que siguen fidels a la nostra firma.<\/span><\/p>\n<div class=\"is-divider divider clearfix\" style=\"background-color:rgb(224, 0, 36);\"><\/div><!-- .divider -->\n\n\n              <\/div>\n           <\/div><!-- text-box-inner -->\n                            \n<style scope=\"scope\">\n\n#text-box-2110306484 {\n  width: 87%;\n}\n#text-box-2110306484 .text {\n  font-size: 100%;\n}\n\n\n@media (min-width:550px) {\n\n  #text-box-2110306484 {\n    width: 89%;\n  }\n\n}\n<\/style>\n    <\/div><!-- text-box -->\n \n\n        <\/div><!-- .banner-layers -->\n      <\/div><!-- .banner-inner -->\n\n            \n<style scope=\"scope\">\n\n#banner-937639811 {\n  padding-top: 560px;\n}\n#banner-937639811 .bg.bg-loaded {\n  background-image: url(https:\/\/yapadu.es\/wp-content\/uploads\/2020\/01\/alquiler-equipos-sonido-iluminacion-estructuras-yapadu.jpg);\n}\n#banner-937639811 .overlay {\n  background-color: rgba(0, 0, 0, 0.5);\n}\n\n\n@media (min-width:550px) {\n\n  #banner-937639811 {\n    padding-top: 480px;\n  }\n\n}\n<\/style>\n  <\/div><!-- .banner -->\n\n\n<a href=\"https:\/\/yapadu.es\/ca\/\" target=\"_self\" class=\"button primary\"  >\n  <i class=\"icon-angle-left\" ><\/i>  <span>volver a inicio<\/span>\n  <\/a>\n\n\n  <div class=\"banner-grid-wrapper\">\n  <div id=\"banner-grid-2116901172\" class=\"banner-grid row row-grid row-collapse row-full-width\" data-packery-options=\"\">\n                      \n\n<div class=\"col grid-col small-14 large-4 grid-col-2-3\" ><div class=\"col-inner\">\n\n\n  <div class=\"banner has-hover\" id=\"banner-1621309612\">\n          <div class=\"banner-inner fill\">\n        <div class=\"banner-bg fill\" >\n            <div class=\"bg fill bg-fill\"><\/div>\n                                    \n                    <\/div><!-- bg-layers -->\n        <div class=\"banner-layers container\">\n            <div class=\"fill banner-link\"><\/div>            \n\n\n        <\/div><!-- .banner-layers -->\n      <\/div><!-- .banner-inner -->\n\n            \n<style scope=\"scope\">\n\n#banner-1621309612 {\n  padding-top: 600px;\n}\n#banner-1621309612 .bg.bg-loaded {\n  background-image: url(https:\/\/yapadu.es\/wp-content\/uploads\/2020\/01\/alquiler-equipos-sonido-yapadu-1.jpg);\n}\n<\/style>\n  <\/div><!-- .banner -->\n\n\n\n<\/div><\/div>\n<div class=\"col grid-col small-14 large-4 grid-col-2-3\" ><div class=\"col-inner\">\n\n\n  <div class=\"banner has-hover\" id=\"banner-802102121\">\n          <div class=\"banner-inner fill\">\n        <div class=\"banner-bg fill\" >\n            <div class=\"bg fill bg-fill\"><\/div>\n                                    \n                    <\/div><!-- bg-layers -->\n        <div class=\"banner-layers container\">\n            <div class=\"fill banner-link\"><\/div>            \n\n\n        <\/div><!-- .banner-layers -->\n      <\/div><!-- .banner-inner -->\n\n            \n<style scope=\"scope\">\n\n#banner-802102121 {\n  padding-top: 600px;\n}\n#banner-802102121 .bg.bg-loaded {\n  background-image: url(https:\/\/yapadu.es\/wp-content\/uploads\/2020\/01\/alquiler-yapadu-041-1024x427-1.jpg);\n}\n<\/style>\n  <\/div><!-- .banner -->\n\n\n\n<\/div><\/div>\n<div class=\"col grid-col small-12 large-4 grid-col-2-3\" ><div class=\"col-inner\">\n\n\n  <div class=\"banner has-hover\" id=\"banner-523920473\">\n          <div class=\"banner-inner fill\">\n        <div class=\"banner-bg fill\" >\n            <div class=\"bg fill bg-fill\"><\/div>\n                                    \n                    <\/div><!-- bg-layers -->\n        <div class=\"banner-layers container\">\n            <div class=\"fill banner-link\"><\/div>            \n\n   <div id=\"text-box-2049132121\" class=\"text-box banner-layer x50 md-x50 lg-x50 y50 md-y50 lg-y50 res-text\">\n                                <div class=\"text dark\">\n              \n              <div class=\"text-inner text-center\">\n                  \n\n<h3 class=\"uppercase\"><span style=\"font-size: 160%;\"><strong>SO<\/strong><\/span><\/h3>\n<p><span style=\"font-size: 160%;\"><strong>Treballem amb primeres marques de gran qualitat<\/strong>, suficient per a la realitzaci\u00f3 de qualsevol esdeveniment, comptant per a aix\u00f2 amb els millors equips de so disponibles en el mercat.<\/span><\/p>\n\n              <\/div>\n           <\/div><!-- text-box-inner -->\n                            \n<style scope=\"scope\">\n\n#text-box-2049132121 {\n  width: 83%;\n}\n#text-box-2049132121 .text {\n  font-size: 140%;\n}\n\n\n@media (min-width:550px) {\n\n  #text-box-2049132121 {\n    width: 78%;\n  }\n\n}\n<\/style>\n    <\/div><!-- text-box -->\n \n\n        <\/div><!-- .banner-layers -->\n      <\/div><!-- .banner-inner -->\n\n            \n<style scope=\"scope\">\n\n#banner-523920473 {\n  padding-top: 500px;\n  background-color: #e00024;\n}\n<\/style>\n  <\/div><!-- .banner -->\n\n\n\n<\/div><\/div>\n\n            <\/div><!-- .banner-grid .row .grid -->\n    <style scope=\"scope\">\n    #banner-grid-2116901172 .grid-col-1{height: 745px}\n    #banner-grid-2116901172 .grid-col-1-2{height: 372.5px}\n    #banner-grid-2116901172 .grid-col-1-3{height:248.33333333333px}\n    #banner-grid-2116901172 .grid-col-2-3{height: 496.66666666667px}\n    #banner-grid-2116901172 .grid-col-1-4{height: 186.25px}\n    #banner-grid-2116901172 .grid-col-3-4{height: 558.75px}\n\n\n    \n    \n\n  <\/style>\n    <\/div><!-- .banner-grid-wrapper -->\n  \n  <div class=\"banner-grid-wrapper\">\n  <div id=\"banner-grid-193959834\" class=\"banner-grid row row-grid row-collapse row-full-width\" data-packery-options=\"\">\n                      \n\n<div class=\"col grid-col small-12 large-4 grid-col-2-3\" ><div class=\"col-inner\">\n\n\n  <div class=\"banner has-hover\" id=\"banner-170213119\">\n          <div class=\"banner-inner fill\">\n        <div class=\"banner-bg fill\" >\n            <div class=\"bg fill bg-fill\"><\/div>\n                                    \n                    <\/div><!-- bg-layers -->\n        <div class=\"banner-layers container\">\n            <div class=\"fill banner-link\"><\/div>            \n\n   <div id=\"text-box-1855416265\" class=\"text-box banner-layer x50 md-x50 lg-x50 y50 md-y50 lg-y50 res-text\">\n                                <div class=\"text dark\">\n              \n              <div class=\"text-inner text-center\">\n                  \n\n<h3 class=\"uppercase\"><span style=\"font-size: 160%;\"><strong>IL\u00b7LUMINACI\u00d3<\/strong><\/span><\/h3>\n<p><span style=\"font-size: 160%;\"><strong>Comptem amb les millors marques del mercat actual<\/strong>. Disposem d'un sistema avan\u00e7at d'il\u00b7luminaci\u00f3 que convertiran les celebracions en els millors espectacles de llum, guiats per professionals que conformaran un ambient adequat a les necessitats del client.<\/span><\/p>\n\n              <\/div>\n           <\/div><!-- text-box-inner -->\n                            \n<style scope=\"scope\">\n\n#text-box-1855416265 {\n  width: 78%;\n}\n#text-box-1855416265 .text {\n  font-size: 140%;\n}\n<\/style>\n    <\/div><!-- text-box -->\n \n\n        <\/div><!-- .banner-layers -->\n      <\/div><!-- .banner-inner -->\n\n            \n<style scope=\"scope\">\n\n#banner-170213119 {\n  padding-top: 500px;\n  background-color: rgb(127, 0, 20);\n}\n<\/style>\n  <\/div><!-- .banner -->\n\n\n\n<\/div><\/div>\n<div class=\"col grid-col small-13 large-4 grid-col-2-3\" ><div class=\"col-inner\">\n\n\n  <div class=\"banner has-hover\" id=\"banner-1723951377\">\n          <div class=\"banner-inner fill\">\n        <div class=\"banner-bg fill\" >\n            <div class=\"bg fill bg-fill\"><\/div>\n                                    \n                    <\/div><!-- bg-layers -->\n        <div class=\"banner-layers container\">\n            <div class=\"fill banner-link\"><\/div>            \n\n\n        <\/div><!-- .banner-layers -->\n      <\/div><!-- .banner-inner -->\n\n            \n<style scope=\"scope\">\n\n#banner-1723951377 {\n  padding-top: 500px;\n}\n#banner-1723951377 .bg.bg-loaded {\n  background-image: url(https:\/\/yapadu.es\/wp-content\/uploads\/2020\/01\/alquiler-equipos-iluminacion-yapadu.jpg);\n}\n<\/style>\n  <\/div><!-- .banner -->\n\n\n\n<\/div><\/div>\n<div class=\"col grid-col small-13 large-4 grid-col-1-3\" ><div class=\"col-inner\">\n\n\n  <div class=\"banner has-hover\" id=\"banner-1272659043\">\n          <div class=\"banner-inner fill\">\n        <div class=\"banner-bg fill\" >\n            <div class=\"bg fill bg-fill\"><\/div>\n                                    \n                    <\/div><!-- bg-layers -->\n        <div class=\"banner-layers container\">\n            <div class=\"fill banner-link\"><\/div>            \n\n\n        <\/div><!-- .banner-layers -->\n      <\/div><!-- .banner-inner -->\n\n            \n<style scope=\"scope\">\n\n#banner-1272659043 {\n  padding-top: 500px;\n}\n#banner-1272659043 .bg.bg-loaded {\n  background-image: url(https:\/\/yapadu.es\/wp-content\/uploads\/2020\/01\/instalaciones-yapadu-03-1024x427-1.jpg);\n}\n<\/style>\n  <\/div><!-- .banner -->\n\n\n\n<\/div><\/div>\n<div class=\"col grid-col small-14 large-4 grid-col-1-3\" ><div class=\"col-inner\">\n\n\n  <div class=\"banner has-hover\" id=\"banner-408164517\">\n          <div class=\"banner-inner fill\">\n        <div class=\"banner-bg fill\" >\n            <div class=\"bg fill bg-fill\"><\/div>\n                                    \n\t<div class=\"is-border\"\n\t\tstyle=\"border-width:0px 0 0px 0px;\">\n\t<\/div>\n                    <\/div><!-- bg-layers -->\n        <div class=\"banner-layers container\">\n            <div class=\"fill banner-link\"><\/div>            \n\n\n        <\/div><!-- .banner-layers -->\n      <\/div><!-- .banner-inner -->\n\n            \n<style scope=\"scope\">\n\n#banner-408164517 {\n  padding-top: 600px;\n}\n#banner-408164517 .bg.bg-loaded {\n  background-image: url(https:\/\/yapadu.es\/wp-content\/uploads\/2020\/01\/alquiler-yapadu-031-1024x427-1.jpg);\n}\n<\/style>\n  <\/div><!-- .banner -->\n\n\n\n<\/div><\/div>\n\n            <\/div><!-- .banner-grid .row .grid -->\n    <style scope=\"scope\">\n    #banner-grid-193959834 .grid-col-1{height: 745px}\n    #banner-grid-193959834 .grid-col-1-2{height: 372.5px}\n    #banner-grid-193959834 .grid-col-1-3{height:248.33333333333px}\n    #banner-grid-193959834 .grid-col-2-3{height: 496.66666666667px}\n    #banner-grid-193959834 .grid-col-1-4{height: 186.25px}\n    #banner-grid-193959834 .grid-col-3-4{height: 558.75px}\n\n\n    \n    \n\n  <\/style>\n    <\/div><!-- .banner-grid-wrapper -->\n  \n\n  <div class=\"banner has-hover\" id=\"banner-1304099772\">\n          <div class=\"banner-inner fill\">\n        <div class=\"banner-bg fill\" >\n            <div class=\"bg fill bg-fill\"><\/div>\n                                    \n                    <\/div><!-- bg-layers -->\n        <div class=\"banner-layers container\">\n            <div class=\"fill banner-link\"><\/div>            \n\n   <div id=\"text-box-1653505061\" class=\"text-box banner-layer x50 md-x50 lg-x50 y50 md-y50 lg-y50 res-text\">\n                                <div class=\"text dark\">\n              \n              <div class=\"text-inner text-center\">\n                  \n\n\t<div id=\"gap-670266943\" class=\"gap-element clearfix\" style=\"display:block; height:auto;\">\n\t\t\n<style scope=\"scope\">\n\n#gap-670266943 {\n  padding-top: 10px;\n}\n<\/style>\n\t<\/div>\n\t\n\n<h2><span style=\"font-size: 85%;\"><strong>Necessites m\u00e9s informaci\u00f3 sobre els nostres servicis?<\/strong><\/span><\/h2>\n\t<div id=\"gap-1904861908\" class=\"gap-element clearfix\" style=\"display:block; height:auto;\">\n\t\t\n<style scope=\"scope\">\n\n#gap-1904861908 {\n  padding-top: 10px;\n}\n<\/style>\n\t<\/div>\n\t\n\n<a href=\"\/ca\/contacto\/\" target=\"_self\" class=\"button white is-outline\"  style=\"border-radius:99px;\">\n    <span>contacta'ns<\/span>\n  <\/a>\n\n\n\n              <\/div>\n           <\/div><!-- text-box-inner -->\n                            \n<style scope=\"scope\">\n\n#text-box-1653505061 {\n  width: 75%;\n}\n#text-box-1653505061 .text {\n  font-size: 100%;\n}\n<\/style>\n    <\/div><!-- text-box -->\n \n\n        <\/div><!-- .banner-layers -->\n      <\/div><!-- .banner-inner -->\n\n            \n<style scope=\"scope\">\n\n#banner-1304099772 {\n  padding-top: 200px;\n  background-color: #e00024;\n}\n\n\n@media (min-width:550px) {\n\n  #banner-1304099772 {\n    padding-top: 200px;\n  }\n\n}\n<\/style>\n  <\/div><!-- .banner -->","protected":false},"excerpt":{"rendered":"","protected":false},"author":1,"featured_media":0,"parent":0,"menu_order":0,"comment_status":"closed","ping_status":"closed","template":"page-transparent-header-light.php","meta":{"footnotes":""},"class_list":["post-217","page","type-page","status-publish","hentry"],"_links":{"self":[{"href":"https:\/\/yapadu.es\/ca\/wp-json\/wp\/v2\/pages\/217","targetHints":{"allow":["GET"]}}],"collection":[{"href":"https:\/\/yapadu.es\/ca\/wp-json\/wp\/v2\/pages"}],"about":[{"href":"https:\/\/yapadu.es\/ca\/wp-json\/wp\/v2\/types\/page"}],"author":[{"embeddable":true,"href":"https:\/\/yapadu.es\/ca\/wp-json\/wp\/v2\/users\/1"}],"replies":[{"embeddable":true,"href":"https:\/\/yapadu.es\/ca\/wp-json\/wp\/v2\/comments?post=217"}],"version-history":[{"count":47,"href":"https:\/\/yapadu.es\/ca\/wp-json\/wp\/v2\/pages\/217\/revisions"}],"predecessor-version":[{"id":1586,"href":"https:\/\/yapadu.es\/ca\/wp-json\/wp\/v2\/pages\/217\/revisions\/1586"}],"wp:attachment":[{"href":"https:\/\/yapadu.es\/ca\/wp-json\/wp\/v2\/media?parent=217"}],"curies":[{"name":"wp","href":"https:\/\/api.w.org\/{rel}","templated":true}]}}