{"id":92,"date":"2020-01-20T14:34:37","date_gmt":"2020-01-20T14:34:37","guid":{"rendered":"https:\/\/yapadu.es\/?page_id=92"},"modified":"2025-09-16T08:46:33","modified_gmt":"2025-09-16T08:46:33","slug":"trabajos-teatro","status":"publish","type":"page","link":"https:\/\/yapadu.es\/ca\/trabajos-teatro\/","title":{"rendered":"Trabajos teatro"},"content":{"rendered":"<div class=\"banner has-hover\" id=\"banner-1208924605\">\n          <div class=\"banner-inner fill\">\n        <div class=\"banner-bg fill\" >\n            <div class=\"bg fill bg-fill\"><\/div>\n                        <div class=\"overlay\"><\/div>            \n                    <\/div><!-- bg-layers -->\n        <div class=\"banner-layers container\">\n            <div class=\"fill banner-link\"><\/div>            \n\n   <div id=\"text-box-49742323\" class=\"text-box banner-layer x50 md-x50 lg-x50 y95 md-y95 lg-y95 res-text\">\n                                <div class=\"text dark\">\n              \n              <div class=\"text-inner text-center\">\n                  \n\n<p class=\"uppercase\"><span style=\"font-size: 130%;\"><strong>asistencia t\u00e9cnica<\/strong><\/span><\/p>\n<h1 class=\"uppercase\"><strong><span style=\"font-size: 130%; color: #f7f7f7;\">TEATRE<\/span><\/strong><\/h1>\n<p><span style=\"font-size: 140%;\">S\u00f3n moltes les companyies d'arts esc\u00e8niques, teatre i dansa que confien en Yapad\u00fa Produccions i posen les seues gires a les nostres mans. La sensibilitat i dedicaci\u00f3 que aportem en els seus espectacles i posades en escena fan que siguen fidels a la nostra firma.<\/span><\/p>\n<div class=\"is-divider divider clearfix\" style=\"background-color:rgb(224, 0, 36);\"><\/div><!-- .divider -->\n\n\n              <\/div>\n           <\/div><!-- text-box-inner -->\n                            \n<style scope=\"scope\">\n\n#text-box-49742323 {\n  width: 70%;\n}\n#text-box-49742323 .text {\n  font-size: 100%;\n}\n<\/style>\n    <\/div><!-- text-box -->\n \n\n        <\/div><!-- .banner-layers -->\n      <\/div><!-- .banner-inner -->\n\n            \n<style scope=\"scope\">\n\n#banner-1208924605 {\n  padding-top: 480px;\n}\n#banner-1208924605 .bg.bg-loaded {\n  background-image: 94;\n}\n#banner-1208924605 .overlay {\n  background-color: rgba(0, 0, 0, 0);\n}\n<\/style>\n  <\/div><!-- .banner -->\n\n\n<a href=\"https:\/\/yapadu.es\/ca\/\" target=\"_self\" class=\"button primary\"  >\n  <i class=\"icon-angle-left\" ><\/i>  <span>volver a inicio<\/span>\n  <\/a>\n\n\n  <div class=\"banner-grid-wrapper\">\n  <div id=\"banner-grid-631498843\" class=\"banner-grid row row-grid row-collapse row-full-width\" data-packery-options=\"\">\n                      \n\n<div class=\"col grid-col small-14 large-6 grid-col-1-2\" ><div class=\"col-inner\">\n\n\n  <div class=\"banner has-hover\" id=\"banner-1499012939\">\n          <div class=\"banner-inner fill\">\n        <div class=\"banner-bg fill\" >\n            <div class=\"bg fill bg-fill\"><\/div>\n                                    \n                    <\/div><!-- bg-layers -->\n        <div class=\"banner-layers container\">\n            <div class=\"fill banner-link\"><\/div>            \n\n   <div id=\"text-box-273284654\" class=\"text-box banner-layer x50 md-x50 lg-x50 y50 md-y50 lg-y50 res-text\">\n                                <div class=\"text\">\n              \n              <div class=\"text-inner text-center\">\n                  \n\n<h3>En el teatre la <strong>llum<\/strong> i <strong>so<\/strong> \u00e9s un <strong>llenguatge visual i sonor<\/strong> que va lligat a l'acci\u00f3 dram\u00e0tica, secundant i determinant aix\u00ed d'una forma caracter\u00edstica les seues intencions.<\/h3>\n\n              <\/div>\n           <\/div><!-- text-box-inner -->\n                            \n<style scope=\"scope\">\n\n#text-box-273284654 {\n  width: 77%;\n}\n#text-box-273284654 .text {\n  font-size: 120%;\n}\n\n\n@media (min-width:550px) {\n\n  #text-box-273284654 {\n    width: 60%;\n  }\n\n}\n<\/style>\n    <\/div><!-- text-box -->\n \n\n        <\/div><!-- .banner-layers -->\n      <\/div><!-- .banner-inner -->\n\n            \n<style scope=\"scope\">\n\n#banner-1499012939 {\n  padding-top: 500px;\n  background-color: rgb(255,255,255);\n}\n<\/style>\n  <\/div><!-- .banner -->\n\n\n\n<\/div><\/div>\n<div class=\"col grid-col small-14 large-6 grid-col-1-2\" ><div class=\"col-inner\">\n\n\n  <div class=\"banner has-hover\" id=\"banner-1937473706\">\n          <div class=\"banner-inner fill\">\n        <div class=\"banner-bg fill\" >\n            <div class=\"bg fill bg-fill\"><\/div>\n                                    \n                    <\/div><!-- bg-layers -->\n        <div class=\"banner-layers container\">\n            <div class=\"fill banner-link\"><\/div>            \n\n\n        <\/div><!-- .banner-layers -->\n      <\/div><!-- .banner-inner -->\n\n            \n<style scope=\"scope\">\n\n#banner-1937473706 {\n  padding-top: 500px;\n}\n#banner-1937473706 .bg.bg-loaded {\n  background-image: url(https:\/\/yapadu.es\/wp-content\/uploads\/2020\/01\/yapadu-produccion-danza-y-teatro-2.jpg);\n}\n<\/style>\n  <\/div><!-- .banner -->\n\n\n\n<\/div><\/div>\n<div class=\"col grid-col small-13 large-3 grid-col-2-3\" ><div class=\"col-inner\">\n\n\n  <div class=\"banner has-hover\" id=\"banner-1496004902\">\n          <div class=\"banner-inner fill\">\n        <div class=\"banner-bg fill\" >\n            <div class=\"bg fill bg-fill\"><\/div>\n                                    \n                    <\/div><!-- bg-layers -->\n        <div class=\"banner-layers container\">\n            <div class=\"fill banner-link\"><\/div>            \n\n\n        <\/div><!-- .banner-layers -->\n      <\/div><!-- .banner-inner -->\n\n            \n<style scope=\"scope\">\n\n#banner-1496004902 {\n  padding-top: 540px;\n}\n#banner-1496004902 .bg.bg-loaded {\n  background-image: url(https:\/\/yapadu.es\/wp-content\/uploads\/2020\/01\/TEATRO-teatro-y-danza-yapadupg.jpg);\n}\n<\/style>\n  <\/div><!-- .banner -->\n\n\n\n<\/div><\/div>\n<div class=\"col grid-col small-12 large-3 grid-col-2-3\" ><div class=\"col-inner\">\n\n\n  <div class=\"banner has-hover\" id=\"banner-930793309\">\n          <div class=\"banner-inner fill\">\n        <div class=\"banner-bg fill\" >\n            <div class=\"bg fill bg-fill\"><\/div>\n                                    \n                    <\/div><!-- bg-layers -->\n        <div class=\"banner-layers container\">\n            <div class=\"fill banner-link\"><\/div>            \n\n   <div id=\"text-box-1818137020\" class=\"text-box banner-layer x50 md-x50 lg-x50 y50 md-y50 lg-y50 res-text\">\n                                <div class=\"text dark\">\n              \n              <div class=\"text-inner text-center\">\n                  \n\n<h1 class=\"uppercase\"><span style=\"font-size: 160%;\"><strong>TEATRE<\/strong><\/span><\/h1>\n\n              <\/div>\n           <\/div><!-- text-box-inner -->\n                            \n<style scope=\"scope\">\n\n#text-box-1818137020 {\n  width: 60%;\n}\n#text-box-1818137020 .text {\n  font-size: 100%;\n}\n<\/style>\n    <\/div><!-- text-box -->\n \n\n        <\/div><!-- .banner-layers -->\n      <\/div><!-- .banner-inner -->\n\n            \n<style scope=\"scope\">\n\n#banner-930793309 {\n  padding-top: 540px;\n  background-color: #e00024;\n}\n<\/style>\n  <\/div><!-- .banner -->\n\n\n\n<\/div><\/div>\n<div class=\"col grid-col small-12 large-3 grid-col-2-3\" ><div class=\"col-inner\">\n\n\n  <div class=\"banner has-hover\" id=\"banner-357137688\">\n          <div class=\"banner-inner fill\">\n        <div class=\"banner-bg fill\" >\n            <div class=\"bg fill bg-fill\"><\/div>\n                                    \n                    <\/div><!-- bg-layers -->\n        <div class=\"banner-layers container\">\n            <div class=\"fill banner-link\"><\/div>            \n\n   <div id=\"text-box-38214517\" class=\"text-box banner-layer x50 md-x50 lg-x50 y50 md-y50 lg-y50 res-text\">\n                                <div class=\"text\">\n              \n              <div class=\"text-inner text-center\">\n                  \n\n<div class=\"container section-title-container\" ><h2 class=\"section-title section-title-center\"><b><\/b><span class=\"section-title-main\" style=\"color:rgb(255, 255, 255);\">Hem participat en festivals com:<\/span><b><\/b><\/h2><\/div><!-- .section-title -->\n\n<p><span style=\"font-size: 160%; color: #ffffff;\">Mostra de teatre d\u00b4Alcoi<\/span><\/p>\n<hr>\n<p><span style=\"font-size: 160%; color: #ffffff;\">Festival de teatro novel Esc\u00e8nia Foios<\/span><\/p>\n<hr>\n<p><span style=\"font-size: 160%; color: #ffffff;\">Festival de teatro grecolatino<\/span><\/p>\n<hr>\n<p><span style=\"font-size: 160%; color: #ffffff;\">Festival de teatro para ni\u00f1os Contaria<\/span><\/p>\n<hr>\n<p><span style=\"font-size: 160%; color: #ffffff;\">Festival teatro\/danza 10 Sentidos<\/span><\/p>\n\n              <\/div>\n           <\/div><!-- text-box-inner -->\n                            \n<style scope=\"scope\">\n\n#text-box-38214517 {\n  width: 75%;\n}\n#text-box-38214517 .text {\n  font-size: 80%;\n}\n\n\n@media (min-width:550px) {\n\n  #text-box-38214517 .text {\n    font-size: 130%;\n  }\n\n}\n<\/style>\n    <\/div><!-- text-box -->\n \n\n        <\/div><!-- .banner-layers -->\n      <\/div><!-- .banner-inner -->\n\n            \n<style scope=\"scope\">\n\n#banner-357137688 {\n  padding-top: 501px;\n  background-color: rgb(0,0,0);\n}\n\n\n@media (min-width:550px) {\n\n  #banner-357137688 {\n    padding-top: 540px;\n  }\n\n}\n<\/style>\n  <\/div><!-- .banner -->\n\n\n\n<\/div><\/div>\n<div class=\"col grid-col small-12 large-3 grid-col-2-3\" ><div class=\"col-inner\">\n\n\n  <div class=\"banner has-hover\" id=\"banner-1372284866\">\n          <div class=\"banner-inner fill\">\n        <div class=\"banner-bg fill\" >\n            <div class=\"bg fill bg-fill\"><\/div>\n                                    \n                    <\/div><!-- bg-layers -->\n        <div class=\"banner-layers container\">\n            <div class=\"fill banner-link\"><\/div>            \n\n   <div id=\"text-box-830182539\" class=\"text-box banner-layer x50 md-x50 lg-x50 y50 md-y50 lg-y50 res-text\">\n                                <div class=\"text\">\n              \n              <div class=\"text-inner text-center\">\n                  \n\n<div class=\"container section-title-container\" ><h2 class=\"section-title section-title-center\"><b><\/b><span class=\"section-title-main\" style=\"color:rgb(255, 255, 255);\">HEMOS TRABAllat amb companyies COM:<\/span><b><\/b><\/h2><\/div><!-- .section-title -->\n\n<div class=\"row\"  id=\"row-320525582\">\n\n<div class=\"col medium-6 small-12 large-6\"  ><div class=\"col-inner\"  >\n\n<p><span style=\"font-size: 160%; color: #ffffff;\">Arden<\/span><\/p>\n<hr>\n<p><span style=\"font-size: 160%; color: #ffffff;\"> la Pavana Teatre<\/span><\/p>\n<hr>\n<p><span style=\"font-size: 160%; color: #ffffff;\">Bramant Teatre<\/span><\/p>\n<hr>\n<p><span style=\"font-size: 160%; color: #ffffff;\">Anem anant<\/span><\/p>\n<hr>\n<p><span style=\"font-size: 160%; color: #ffffff;\">P\u00e9rez &amp; Disla<\/span><\/p>\n\n<\/div><\/div>\n<div class=\"col medium-6 small-12 large-6\"  ><div class=\"col-inner\"  >\n\n<p><span style=\"font-size: 160%; color: #ffffff;\">L\u00b4horta teatre<\/span><\/p>\n<hr>\n<p><span style=\"font-size: 160%; color: #ffffff;\">Bambalina<\/span><\/p>\n<hr>\n<p><span style=\"font-size: 160%; color: #ffffff;\">La Teta Calva&#8230;<\/span><\/p>\n<hr>\n<p><span style=\"font-size: 160%; color: #ffffff;\">&#8230; entre otros<\/span><\/p>\n\n<\/div><\/div>\n\n<\/div>\n\n              <\/div>\n           <\/div><!-- text-box-inner -->\n                            \n<style scope=\"scope\">\n\n#text-box-830182539 {\n  width: 69%;\n}\n#text-box-830182539 .text {\n  font-size: 80%;\n}\n\n\n@media (min-width:550px) {\n\n  #text-box-830182539 .text {\n    font-size: 130%;\n  }\n\n}\n<\/style>\n    <\/div><!-- text-box -->\n \n\n        <\/div><!-- .banner-layers -->\n      <\/div><!-- .banner-inner -->\n\n            \n<style scope=\"scope\">\n\n#banner-1372284866 {\n  padding-top: 501px;\n  background-color: rgb(14, 14, 14);\n}\n\n\n@media (min-width:550px) {\n\n  #banner-1372284866 {\n    padding-top: 540px;\n  }\n\n}\n<\/style>\n  <\/div><!-- .banner -->\n\n\n\n<\/div><\/div>\n\n            <\/div><!-- .banner-grid .row .grid -->\n    <style scope=\"scope\">\n    #banner-grid-631498843 .grid-col-1{height: 745px}\n    #banner-grid-631498843 .grid-col-1-2{height: 372.5px}\n    #banner-grid-631498843 .grid-col-1-3{height:248.33333333333px}\n    #banner-grid-631498843 .grid-col-2-3{height: 496.66666666667px}\n    #banner-grid-631498843 .grid-col-1-4{height: 186.25px}\n    #banner-grid-631498843 .grid-col-3-4{height: 558.75px}\n\n\n    \n    \n\n  <\/style>\n    <\/div><!-- .banner-grid-wrapper -->\n  \n  <div class=\"banner-grid-wrapper\">\n  <div id=\"banner-grid-968008675\" class=\"banner-grid row row-grid row-collapse row-full-width\" data-packery-options=\"\">\n                      \n\n<div class=\"col grid-col small-14 large-6 grid-col-2-3\" ><div class=\"col-inner\">\n\n\n  <div class=\"banner has-hover\" id=\"banner-1874231171\">\n          <div class=\"banner-inner fill\">\n        <div class=\"banner-bg fill\" >\n            <div class=\"bg fill bg-fill\"><\/div>\n                                    \n                    <\/div><!-- bg-layers -->\n        <div class=\"banner-layers container\">\n            <div class=\"fill banner-link\"><\/div>            \n\n\n        <\/div><!-- .banner-layers -->\n      <\/div><!-- .banner-inner -->\n\n            \n<style scope=\"scope\">\n\n#banner-1874231171 {\n  padding-top: 500px;\n}\n#banner-1874231171 .bg.bg-loaded {\n  background-image: url(https:\/\/yapadu.es\/wp-content\/uploads\/2020\/01\/evento-teatro-alcoy-yapadu.jpg);\n}\n<\/style>\n  <\/div><!-- .banner -->\n\n\n\n<\/div><\/div>\n<div class=\"col grid-col small-14 large-6 grid-col-2-3\" ><div class=\"col-inner\">\n\n\n  <div class=\"banner has-hover\" id=\"banner-38238787\">\n          <div class=\"banner-inner fill\">\n        <div class=\"banner-bg fill\" >\n            <div class=\"bg fill bg-fill\"><\/div>\n                                    \n                    <\/div><!-- bg-layers -->\n        <div class=\"banner-layers container\">\n            <div class=\"fill banner-link\"><\/div>            \n\n\n        <\/div><!-- .banner-layers -->\n      <\/div><!-- .banner-inner -->\n\n            \n<style scope=\"scope\">\n\n#banner-38238787 {\n  padding-top: 500px;\n  background-color: rgb(0,0,0);\n}\n#banner-38238787 .bg.bg-loaded {\n  background-image: url(https:\/\/yapadu.es\/wp-content\/uploads\/2020\/01\/yapadu-produccion-danza-y-teatro-1.jpg);\n}\n<\/style>\n  <\/div><!-- .banner -->\n\n\n\n<\/div><\/div>\n<div class=\"col grid-col small-13 large-6 grid-col-2-3\" ><div class=\"col-inner\">\n\n\n  <div class=\"banner has-hover\" id=\"banner-1067909765\">\n          <div class=\"banner-inner fill\">\n        <div class=\"banner-bg fill\" >\n            <div class=\"bg fill bg-fill\"><\/div>\n                                    \n                    <\/div><!-- bg-layers -->\n        <div class=\"banner-layers container\">\n            <div class=\"fill banner-link\"><\/div>            \n\n\n        <\/div><!-- .banner-layers -->\n      <\/div><!-- .banner-inner -->\n\n            \n<style scope=\"scope\">\n\n#banner-1067909765 {\n  padding-top: 500px;\n}\n#banner-1067909765 .bg.bg-loaded {\n  background-image: url(https:\/\/yapadu.es\/wp-content\/uploads\/2020\/01\/teatro-chirbes-yapadu.jpg);\n}\n<\/style>\n  <\/div><!-- .banner -->\n\n\n\n<\/div><\/div>\n<div class=\"col grid-col small-13 large-6 grid-col-2-3\" ><div class=\"col-inner\">\n\n\n  <div class=\"banner has-hover\" id=\"banner-2140354463\">\n          <div class=\"banner-inner fill\">\n        <div class=\"banner-bg fill\" >\n            <div class=\"bg fill bg-fill\"><\/div>\n                                    \n                    <\/div><!-- bg-layers -->\n        <div class=\"banner-layers container\">\n            <div class=\"fill banner-link\"><\/div>            \n\n\n        <\/div><!-- .banner-layers -->\n      <\/div><!-- .banner-inner -->\n\n            \n<style scope=\"scope\">\n\n#banner-2140354463 {\n  padding-top: 500px;\n}\n#banner-2140354463 .bg.bg-loaded {\n  background-image: url(https:\/\/yapadu.es\/wp-content\/uploads\/2020\/02\/festival-eclectic.jpg);\n}\n<\/style>\n  <\/div><!-- .banner -->\n\n\n\n<\/div><\/div>\n\n            <\/div><!-- .banner-grid .row .grid -->\n    <style scope=\"scope\">\n    #banner-grid-968008675 .grid-col-1{height: 721px}\n    #banner-grid-968008675 .grid-col-1-2{height: 360.5px}\n    #banner-grid-968008675 .grid-col-1-3{height:240.33333333333px}\n    #banner-grid-968008675 .grid-col-2-3{height: 480.66666666667px}\n    #banner-grid-968008675 .grid-col-1-4{height: 180.25px}\n    #banner-grid-968008675 .grid-col-3-4{height: 540.75px}\n\n\n    \n    \n\n  <\/style>\n    <\/div><!-- .banner-grid-wrapper -->\n  \n\n  <div class=\"banner has-hover\" id=\"banner-796033418\">\n          <div class=\"banner-inner fill\">\n        <div class=\"banner-bg fill\" >\n            <div class=\"bg fill bg-fill\"><\/div>\n                                    \n                    <\/div><!-- bg-layers -->\n        <div class=\"banner-layers container\">\n            <div class=\"fill banner-link\"><\/div>            \n\n   <div id=\"text-box-1950120775\" class=\"text-box banner-layer x50 md-x50 lg-x50 y50 md-y50 lg-y50 res-text\">\n                                <div class=\"text dark\">\n              \n              <div class=\"text-inner text-center\">\n                  \n\n\t<div id=\"gap-716208517\" class=\"gap-element clearfix\" style=\"display:block; height:auto;\">\n\t\t\n<style scope=\"scope\">\n\n#gap-716208517 {\n  padding-top: 10px;\n}\n<\/style>\n\t<\/div>\n\t\n\n<h2><span style=\"font-size: 85%;\"><strong>Necessites m\u00e9s informaci\u00f3 sobre els nostres servicis?<\/strong><\/span><\/h2>\n\t<div id=\"gap-1026877600\" class=\"gap-element clearfix\" style=\"display:block; height:auto;\">\n\t\t\n<style scope=\"scope\">\n\n#gap-1026877600 {\n  padding-top: 10px;\n}\n<\/style>\n\t<\/div>\n\t\n\n<a href=\"\/ca\/contacto\/\" target=\"_self\" class=\"button white is-outline\"  style=\"border-radius:99px;\">\n    <span>contacta'ns<\/span>\n  <\/a>\n\n\n\n              <\/div>\n           <\/div><!-- text-box-inner -->\n                            \n<style scope=\"scope\">\n\n#text-box-1950120775 {\n  width: 75%;\n}\n#text-box-1950120775 .text {\n  font-size: 100%;\n}\n<\/style>\n    <\/div><!-- text-box -->\n \n\n        <\/div><!-- .banner-layers -->\n      <\/div><!-- .banner-inner -->\n\n            \n<style scope=\"scope\">\n\n#banner-796033418 {\n  padding-top: 200px;\n  background-color: #e00024;\n}\n\n\n@media (min-width:550px) {\n\n  #banner-796033418 {\n    padding-top: 200px;\n  }\n\n}\n<\/style>\n  <\/div><!-- .banner -->","protected":false},"excerpt":{"rendered":"","protected":false},"author":1,"featured_media":0,"parent":0,"menu_order":0,"comment_status":"closed","ping_status":"closed","template":"page-transparent-header-light.php","meta":{"footnotes":""},"class_list":["post-92","page","type-page","status-publish","hentry"],"_links":{"self":[{"href":"https:\/\/yapadu.es\/ca\/wp-json\/wp\/v2\/pages\/92","targetHints":{"allow":["GET"]}}],"collection":[{"href":"https:\/\/yapadu.es\/ca\/wp-json\/wp\/v2\/pages"}],"about":[{"href":"https:\/\/yapadu.es\/ca\/wp-json\/wp\/v2\/types\/page"}],"author":[{"embeddable":true,"href":"https:\/\/yapadu.es\/ca\/wp-json\/wp\/v2\/users\/1"}],"replies":[{"embeddable":true,"href":"https:\/\/yapadu.es\/ca\/wp-json\/wp\/v2\/comments?post=92"}],"version-history":[{"count":42,"href":"https:\/\/yapadu.es\/ca\/wp-json\/wp\/v2\/pages\/92\/revisions"}],"predecessor-version":[{"id":1597,"href":"https:\/\/yapadu.es\/ca\/wp-json\/wp\/v2\/pages\/92\/revisions\/1597"}],"wp:attachment":[{"href":"https:\/\/yapadu.es\/ca\/wp-json\/wp\/v2\/media?parent=92"}],"curies":[{"name":"wp","href":"https:\/\/api.w.org\/{rel}","templated":true}]}}